{"id":683,"date":"2025-12-10T18:41:02","date_gmt":"2025-12-10T17:41:02","guid":{"rendered":"https:\/\/museionparis.com\/?page_id=683"},"modified":"2026-01-26T19:11:20","modified_gmt":"2026-01-26T18:11:20","slug":"support-mupa","status":"publish","type":"page","link":"https:\/\/museionparis.com\/index.php\/en\/support-mupa\/","title":{"rendered":"Support MuPA"},"content":{"rendered":"\n<p><\/p>\n\n\n\n<p><strong>MuPa<\/strong> promotes and showcases artists who work with the medium of mosaic. Through exhibitions, residencies, and more, our actions help this unique art form to evolve and give artists the opportunity to create and present their work.<\/p>\n\n\n\n<h3 class=\"wp-block-heading\"><strong>Why donate?<\/strong><\/h3>\n\n\n\n<p>Your support directly helps artists and funds our projects, with all MUPA members volunteering their time. Every contribution, big or small, makes a real difference.<\/p>\n\n\n\n<p><a href=\"https:\/\/www.helloasso.com\/associations\/mupa\/formulaires\/9\">Make a donation to MUPA on Hello Asso and help bring new projects to life.<\/a><\/p>\n\n\n\n<hr class=\"wp-block-separator has-alpha-channel-opacity\"\/>\n","protected":false},"excerpt":{"rendered":"<p>MuPa promotes and showcases artists who work with the medium of mosaic. Through exhibitions, residencies, and more, our actions help this unique art form to evolve and give artists the opportunity to create and present their work. Why donate? Your support directly helps artists and funds our projects, with all MUPA members volunteering their time. [&hellip;]<\/p>\n","protected":false},"author":1,"featured_media":0,"parent":0,"menu_order":0,"comment_status":"closed","ping_status":"closed","template":"","meta":{"footnotes":""},"class_list":["post-683","page","type-page","status-publish","czr-hentry"],"yoast_head":"<!-- This site is optimized with the Yoast SEO plugin v27.0 - https:\/\/yoast.com\/product\/yoast-seo-wordpress\/ -->\n<title>Support MuPA - museionparis.com<\/title>\n<meta name=\"description\" content=\"Support MUPA and help promote mosaic artists. Your donation funds exhibitions, residencies, and projects that bring this unique art form to life.\" \/>\n<meta name=\"robots\" content=\"index, follow, max-snippet:-1, max-image-preview:large, max-video-preview:-1\" \/>\n<link rel=\"canonical\" href=\"https:\/\/museionparis.com\/index.php\/en\/support-mupa\/\" \/>\n<meta property=\"og:locale\" content=\"fr_FR\" \/>\n<meta property=\"og:type\" content=\"article\" \/>\n<meta property=\"og:title\" content=\"Support MuPA - museionparis.com\" \/>\n<meta property=\"og:description\" content=\"Support MUPA and help promote mosaic artists. Your donation funds exhibitions, residencies, and projects that bring this unique art form to life.\" \/>\n<meta property=\"og:url\" content=\"https:\/\/museionparis.com\/index.php\/en\/support-mupa\/\" \/>\n<meta property=\"og:site_name\" content=\"museionparis.com\" \/>\n<meta property=\"article:publisher\" content=\"https:\/\/facebook.com\/mupamuseionparis\/\" \/>\n<meta property=\"article:modified_time\" content=\"2026-01-26T18:11:20+00:00\" \/>\n<meta name=\"twitter:card\" content=\"summary_large_image\" \/>\n<meta name=\"twitter:label1\" content=\"Dur\u00e9e de lecture estim\u00e9e\" \/>\n\t<meta name=\"twitter:data1\" content=\"1 minute\" \/>\n<script type=\"application\/ld+json\" class=\"yoast-schema-graph\">{\"@context\":\"https:\/\/schema.org\",\"@graph\":[{\"@type\":\"WebPage\",\"@id\":\"https:\/\/museionparis.com\/index.php\/en\/support-mupa\/\",\"url\":\"https:\/\/museionparis.com\/index.php\/en\/support-mupa\/\",\"name\":\"Support MuPA - museionparis.com\",\"isPartOf\":{\"@id\":\"https:\/\/museionparis.com\/#website\"},\"datePublished\":\"2025-12-10T17:41:02+00:00\",\"dateModified\":\"2026-01-26T18:11:20+00:00\",\"description\":\"Support MUPA and help promote mosaic artists. Your donation funds exhibitions, residencies, and projects that bring this unique art form to life.\",\"breadcrumb\":{\"@id\":\"https:\/\/museionparis.com\/index.php\/en\/support-mupa\/#breadcrumb\"},\"inLanguage\":\"fr-FR\",\"potentialAction\":[{\"@type\":\"ReadAction\",\"target\":[\"https:\/\/museionparis.com\/index.php\/en\/support-mupa\/\"]}]},{\"@type\":\"BreadcrumbList\",\"@id\":\"https:\/\/museionparis.com\/index.php\/en\/support-mupa\/#breadcrumb\",\"itemListElement\":[{\"@type\":\"ListItem\",\"position\":1,\"name\":\"Accueil\",\"item\":\"https:\/\/museionparis.com\/\"},{\"@type\":\"ListItem\",\"position\":2,\"name\":\"Support MuPA\"}]},{\"@type\":\"WebSite\",\"@id\":\"https:\/\/museionparis.com\/#website\",\"url\":\"https:\/\/museionparis.com\/\",\"name\":\"museionparis.com\",\"description\":\"D\u00e9di\u00e9 aux artistes contemporains qui explorent le m\u00e9dium de la mosa\u00efque\",\"publisher\":{\"@id\":\"https:\/\/museionparis.com\/#organization\"},\"potentialAction\":[{\"@type\":\"SearchAction\",\"target\":{\"@type\":\"EntryPoint\",\"urlTemplate\":\"https:\/\/museionparis.com\/?s={search_term_string}\"},\"query-input\":{\"@type\":\"PropertyValueSpecification\",\"valueRequired\":true,\"valueName\":\"search_term_string\"}}],\"inLanguage\":\"fr-FR\"},{\"@type\":\"Organization\",\"@id\":\"https:\/\/museionparis.com\/#organization\",\"name\":\"museionparis.com\",\"url\":\"https:\/\/museionparis.com\/\",\"logo\":{\"@type\":\"ImageObject\",\"inLanguage\":\"fr-FR\",\"@id\":\"https:\/\/museionparis.com\/#\/schema\/logo\/image\/\",\"url\":\"https:\/\/museionparis.com\/wp-content\/uploads\/2024\/03\/logo-rvb-png-2.png\",\"contentUrl\":\"https:\/\/museionparis.com\/wp-content\/uploads\/2024\/03\/logo-rvb-png-2.png\",\"width\":1752,\"height\":993,\"caption\":\"museionparis.com\"},\"image\":{\"@id\":\"https:\/\/museionparis.com\/#\/schema\/logo\/image\/\"},\"sameAs\":[\"https:\/\/facebook.com\/mupamuseionparis\/\",\"https:\/\/www.instagram.com\/mupa_museionparis\"]}]}<\/script>\n<!-- \/ Yoast SEO plugin. -->","yoast_head_json":{"title":"Support MuPA - museionparis.com","description":"Support MUPA and help promote mosaic artists. Your donation funds exhibitions, residencies, and projects that bring this unique art form to life.","robots":{"index":"index","follow":"follow","max-snippet":"max-snippet:-1","max-image-preview":"max-image-preview:large","max-video-preview":"max-video-preview:-1"},"canonical":"https:\/\/museionparis.com\/index.php\/en\/support-mupa\/","og_locale":"fr_FR","og_type":"article","og_title":"Support MuPA - museionparis.com","og_description":"Support MUPA and help promote mosaic artists. Your donation funds exhibitions, residencies, and projects that bring this unique art form to life.","og_url":"https:\/\/museionparis.com\/index.php\/en\/support-mupa\/","og_site_name":"museionparis.com","article_publisher":"https:\/\/facebook.com\/mupamuseionparis\/","article_modified_time":"2026-01-26T18:11:20+00:00","twitter_card":"summary_large_image","twitter_misc":{"Dur\u00e9e de lecture estim\u00e9e":"1 minute"},"schema":{"@context":"https:\/\/schema.org","@graph":[{"@type":"WebPage","@id":"https:\/\/museionparis.com\/index.php\/en\/support-mupa\/","url":"https:\/\/museionparis.com\/index.php\/en\/support-mupa\/","name":"Support MuPA - museionparis.com","isPartOf":{"@id":"https:\/\/museionparis.com\/#website"},"datePublished":"2025-12-10T17:41:02+00:00","dateModified":"2026-01-26T18:11:20+00:00","description":"Support MUPA and help promote mosaic artists. Your donation funds exhibitions, residencies, and projects that bring this unique art form to life.","breadcrumb":{"@id":"https:\/\/museionparis.com\/index.php\/en\/support-mupa\/#breadcrumb"},"inLanguage":"fr-FR","potentialAction":[{"@type":"ReadAction","target":["https:\/\/museionparis.com\/index.php\/en\/support-mupa\/"]}]},{"@type":"BreadcrumbList","@id":"https:\/\/museionparis.com\/index.php\/en\/support-mupa\/#breadcrumb","itemListElement":[{"@type":"ListItem","position":1,"name":"Accueil","item":"https:\/\/museionparis.com\/"},{"@type":"ListItem","position":2,"name":"Support MuPA"}]},{"@type":"WebSite","@id":"https:\/\/museionparis.com\/#website","url":"https:\/\/museionparis.com\/","name":"museionparis.com","description":"D\u00e9di\u00e9 aux artistes contemporains qui explorent le m\u00e9dium de la mosa\u00efque","publisher":{"@id":"https:\/\/museionparis.com\/#organization"},"potentialAction":[{"@type":"SearchAction","target":{"@type":"EntryPoint","urlTemplate":"https:\/\/museionparis.com\/?s={search_term_string}"},"query-input":{"@type":"PropertyValueSpecification","valueRequired":true,"valueName":"search_term_string"}}],"inLanguage":"fr-FR"},{"@type":"Organization","@id":"https:\/\/museionparis.com\/#organization","name":"museionparis.com","url":"https:\/\/museionparis.com\/","logo":{"@type":"ImageObject","inLanguage":"fr-FR","@id":"https:\/\/museionparis.com\/#\/schema\/logo\/image\/","url":"https:\/\/museionparis.com\/wp-content\/uploads\/2024\/03\/logo-rvb-png-2.png","contentUrl":"https:\/\/museionparis.com\/wp-content\/uploads\/2024\/03\/logo-rvb-png-2.png","width":1752,"height":993,"caption":"museionparis.com"},"image":{"@id":"https:\/\/museionparis.com\/#\/schema\/logo\/image\/"},"sameAs":["https:\/\/facebook.com\/mupamuseionparis\/","https:\/\/www.instagram.com\/mupa_museionparis"]}]}},"_links":{"self":[{"href":"https:\/\/museionparis.com\/index.php\/wp-json\/wp\/v2\/pages\/683","targetHints":{"allow":["GET"]}}],"collection":[{"href":"https:\/\/museionparis.com\/index.php\/wp-json\/wp\/v2\/pages"}],"about":[{"href":"https:\/\/museionparis.com\/index.php\/wp-json\/wp\/v2\/types\/page"}],"author":[{"embeddable":true,"href":"https:\/\/museionparis.com\/index.php\/wp-json\/wp\/v2\/users\/1"}],"replies":[{"embeddable":true,"href":"https:\/\/museionparis.com\/index.php\/wp-json\/wp\/v2\/comments?post=683"}],"version-history":[{"count":2,"href":"https:\/\/museionparis.com\/index.php\/wp-json\/wp\/v2\/pages\/683\/revisions"}],"predecessor-version":[{"id":711,"href":"https:\/\/museionparis.com\/index.php\/wp-json\/wp\/v2\/pages\/683\/revisions\/711"}],"wp:attachment":[{"href":"https:\/\/museionparis.com\/index.php\/wp-json\/wp\/v2\/media?parent=683"}],"curies":[{"name":"wp","href":"https:\/\/api.w.org\/{rel}","templated":true}]}}