{"id":681,"date":"2025-12-10T18:19:01","date_gmt":"2025-12-10T17:19:01","guid":{"rendered":"https:\/\/museionparis.com\/?page_id=681"},"modified":"2026-01-26T19:10:43","modified_gmt":"2026-01-26T18:10:43","slug":"nous-soutenir","status":"publish","type":"page","link":"https:\/\/museionparis.com\/index.php\/nous-soutenir\/","title":{"rendered":"Nous soutenir"},"content":{"rendered":"\n<h2 class=\"wp-block-heading\"><strong>Soutenez MuPa<\/strong><\/h2>\n\n\n\n<p><strong>MuPa<\/strong> fait d\u00e9couvrir et valorise les artistes qui usent du medium de la mosa\u00efque. Expositions, r\u00e9sidences\u2026 nos actions permettent \u00e0 ce m\u00e9dium unique de se renouveler et \u00e0 ces artistes de pouvoir produire et montrer leur travail.<\/p>\n\n\n\n<h3 class=\"wp-block-heading\"><strong>Pourquoi donner ?<\/strong><\/h3>\n\n\n\n<p>Votre soutien aide directement les artistes, finance nos projets, l&rsquo;int\u00e9gralit\u00e9 des membres de MuPa exer\u00e7ant \u00e0 titre b\u00e9n\u00e9vole. Chaque contribution, petite ou grande, a un impact r\u00e9el.<\/p>\n\n\n\n<p>MuPa est une association reconnue d&rsquo;int\u00e9r\u00eat g\u00e9n\u00e9ral par les services fiscaux. Pour un don vous b\u00e9n\u00e9ficiez d&rsquo;une d\u00e9duction fiscale sur vos imp\u00f4ts de 66% du montant du don pour les particuliers et de 60% pour les entreprises. Un re\u00e7u fiscal vous sera automatiquement transmis suite \u00e0 votre don.<\/p>\n\n\n\n<p><strong><a href=\"https:\/\/www.helloasso.com\/associations\/mupa\/formulaires\/9\">Faites un don sur Hello Asso \u00e0 MuPa et contribuez ainsi \u00e0 r\u00e9aliser de nouveaux projets.<\/a><\/strong><\/p>\n\n\n\n<p><\/p>\n","protected":false},"excerpt":{"rendered":"<p>Soutenez MuPa MuPa fait d\u00e9couvrir et valorise les artistes qui usent du medium de la mosa\u00efque. Expositions, r\u00e9sidences\u2026 nos actions permettent \u00e0 ce m\u00e9dium unique de se renouveler et \u00e0 ces artistes de pouvoir produire et montrer leur travail. Pourquoi donner ? Votre soutien aide directement les artistes, finance nos projets, l&rsquo;int\u00e9gralit\u00e9 des membres de [&hellip;]<\/p>\n","protected":false},"author":1,"featured_media":0,"parent":0,"menu_order":0,"comment_status":"closed","ping_status":"closed","template":"","meta":{"footnotes":""},"class_list":["post-681","page","type-page","status-publish","czr-hentry"],"yoast_head":"<!-- This site is optimized with the Yoast SEO plugin v27.0 - https:\/\/yoast.com\/product\/yoast-seo-wordpress\/ -->\n<title>Nous soutenir - museionparis.com<\/title>\n<meta name=\"description\" content=\"Soutenez MuPa, pour soutenir les artistes qui exp\u00e9rimentent de nouvelles formes au travers du medium de la mosa\u00efque\" \/>\n<meta name=\"robots\" content=\"index, follow, max-snippet:-1, max-image-preview:large, max-video-preview:-1\" \/>\n<link rel=\"canonical\" href=\"https:\/\/museionparis.com\/index.php\/nous-soutenir\/\" \/>\n<meta property=\"og:locale\" content=\"fr_FR\" \/>\n<meta property=\"og:type\" content=\"article\" \/>\n<meta property=\"og:title\" content=\"Nous soutenir - museionparis.com\" \/>\n<meta property=\"og:description\" content=\"Soutenez MuPa, pour soutenir les artistes qui exp\u00e9rimentent de nouvelles formes au travers du medium de la mosa\u00efque\" \/>\n<meta property=\"og:url\" content=\"https:\/\/museionparis.com\/index.php\/nous-soutenir\/\" \/>\n<meta property=\"og:site_name\" content=\"museionparis.com\" \/>\n<meta property=\"article:publisher\" content=\"https:\/\/facebook.com\/mupamuseionparis\/\" \/>\n<meta property=\"article:modified_time\" content=\"2026-01-26T18:10:43+00:00\" \/>\n<meta name=\"twitter:card\" content=\"summary_large_image\" \/>\n<meta name=\"twitter:label1\" content=\"Dur\u00e9e de lecture estim\u00e9e\" \/>\n\t<meta name=\"twitter:data1\" content=\"1 minute\" \/>\n<script type=\"application\/ld+json\" class=\"yoast-schema-graph\">{\"@context\":\"https:\/\/schema.org\",\"@graph\":[{\"@type\":\"WebPage\",\"@id\":\"https:\/\/museionparis.com\/index.php\/nous-soutenir\/\",\"url\":\"https:\/\/museionparis.com\/index.php\/nous-soutenir\/\",\"name\":\"Nous soutenir - museionparis.com\",\"isPartOf\":{\"@id\":\"https:\/\/museionparis.com\/#website\"},\"datePublished\":\"2025-12-10T17:19:01+00:00\",\"dateModified\":\"2026-01-26T18:10:43+00:00\",\"description\":\"Soutenez MuPa, pour soutenir les artistes qui exp\u00e9rimentent de nouvelles formes au travers du medium de la mosa\u00efque\",\"breadcrumb\":{\"@id\":\"https:\/\/museionparis.com\/index.php\/nous-soutenir\/#breadcrumb\"},\"inLanguage\":\"fr-FR\",\"potentialAction\":[{\"@type\":\"ReadAction\",\"target\":[\"https:\/\/museionparis.com\/index.php\/nous-soutenir\/\"]}]},{\"@type\":\"BreadcrumbList\",\"@id\":\"https:\/\/museionparis.com\/index.php\/nous-soutenir\/#breadcrumb\",\"itemListElement\":[{\"@type\":\"ListItem\",\"position\":1,\"name\":\"Accueil\",\"item\":\"https:\/\/museionparis.com\/\"},{\"@type\":\"ListItem\",\"position\":2,\"name\":\"Nous soutenir\"}]},{\"@type\":\"WebSite\",\"@id\":\"https:\/\/museionparis.com\/#website\",\"url\":\"https:\/\/museionparis.com\/\",\"name\":\"museionparis.com\",\"description\":\"D\u00e9di\u00e9 aux artistes contemporains qui explorent le m\u00e9dium de la mosa\u00efque\",\"publisher\":{\"@id\":\"https:\/\/museionparis.com\/#organization\"},\"potentialAction\":[{\"@type\":\"SearchAction\",\"target\":{\"@type\":\"EntryPoint\",\"urlTemplate\":\"https:\/\/museionparis.com\/?s={search_term_string}\"},\"query-input\":{\"@type\":\"PropertyValueSpecification\",\"valueRequired\":true,\"valueName\":\"search_term_string\"}}],\"inLanguage\":\"fr-FR\"},{\"@type\":\"Organization\",\"@id\":\"https:\/\/museionparis.com\/#organization\",\"name\":\"museionparis.com\",\"url\":\"https:\/\/museionparis.com\/\",\"logo\":{\"@type\":\"ImageObject\",\"inLanguage\":\"fr-FR\",\"@id\":\"https:\/\/museionparis.com\/#\/schema\/logo\/image\/\",\"url\":\"https:\/\/museionparis.com\/wp-content\/uploads\/2024\/03\/logo-rvb-png-2.png\",\"contentUrl\":\"https:\/\/museionparis.com\/wp-content\/uploads\/2024\/03\/logo-rvb-png-2.png\",\"width\":1752,\"height\":993,\"caption\":\"museionparis.com\"},\"image\":{\"@id\":\"https:\/\/museionparis.com\/#\/schema\/logo\/image\/\"},\"sameAs\":[\"https:\/\/facebook.com\/mupamuseionparis\/\",\"https:\/\/www.instagram.com\/mupa_museionparis\"]}]}<\/script>\n<!-- \/ Yoast SEO plugin. -->","yoast_head_json":{"title":"Nous soutenir - museionparis.com","description":"Soutenez MuPa, pour soutenir les artistes qui exp\u00e9rimentent de nouvelles formes au travers du medium de la mosa\u00efque","robots":{"index":"index","follow":"follow","max-snippet":"max-snippet:-1","max-image-preview":"max-image-preview:large","max-video-preview":"max-video-preview:-1"},"canonical":"https:\/\/museionparis.com\/index.php\/nous-soutenir\/","og_locale":"fr_FR","og_type":"article","og_title":"Nous soutenir - museionparis.com","og_description":"Soutenez MuPa, pour soutenir les artistes qui exp\u00e9rimentent de nouvelles formes au travers du medium de la mosa\u00efque","og_url":"https:\/\/museionparis.com\/index.php\/nous-soutenir\/","og_site_name":"museionparis.com","article_publisher":"https:\/\/facebook.com\/mupamuseionparis\/","article_modified_time":"2026-01-26T18:10:43+00:00","twitter_card":"summary_large_image","twitter_misc":{"Dur\u00e9e de lecture estim\u00e9e":"1 minute"},"schema":{"@context":"https:\/\/schema.org","@graph":[{"@type":"WebPage","@id":"https:\/\/museionparis.com\/index.php\/nous-soutenir\/","url":"https:\/\/museionparis.com\/index.php\/nous-soutenir\/","name":"Nous soutenir - museionparis.com","isPartOf":{"@id":"https:\/\/museionparis.com\/#website"},"datePublished":"2025-12-10T17:19:01+00:00","dateModified":"2026-01-26T18:10:43+00:00","description":"Soutenez MuPa, pour soutenir les artistes qui exp\u00e9rimentent de nouvelles formes au travers du medium de la mosa\u00efque","breadcrumb":{"@id":"https:\/\/museionparis.com\/index.php\/nous-soutenir\/#breadcrumb"},"inLanguage":"fr-FR","potentialAction":[{"@type":"ReadAction","target":["https:\/\/museionparis.com\/index.php\/nous-soutenir\/"]}]},{"@type":"BreadcrumbList","@id":"https:\/\/museionparis.com\/index.php\/nous-soutenir\/#breadcrumb","itemListElement":[{"@type":"ListItem","position":1,"name":"Accueil","item":"https:\/\/museionparis.com\/"},{"@type":"ListItem","position":2,"name":"Nous soutenir"}]},{"@type":"WebSite","@id":"https:\/\/museionparis.com\/#website","url":"https:\/\/museionparis.com\/","name":"museionparis.com","description":"D\u00e9di\u00e9 aux artistes contemporains qui explorent le m\u00e9dium de la mosa\u00efque","publisher":{"@id":"https:\/\/museionparis.com\/#organization"},"potentialAction":[{"@type":"SearchAction","target":{"@type":"EntryPoint","urlTemplate":"https:\/\/museionparis.com\/?s={search_term_string}"},"query-input":{"@type":"PropertyValueSpecification","valueRequired":true,"valueName":"search_term_string"}}],"inLanguage":"fr-FR"},{"@type":"Organization","@id":"https:\/\/museionparis.com\/#organization","name":"museionparis.com","url":"https:\/\/museionparis.com\/","logo":{"@type":"ImageObject","inLanguage":"fr-FR","@id":"https:\/\/museionparis.com\/#\/schema\/logo\/image\/","url":"https:\/\/museionparis.com\/wp-content\/uploads\/2024\/03\/logo-rvb-png-2.png","contentUrl":"https:\/\/museionparis.com\/wp-content\/uploads\/2024\/03\/logo-rvb-png-2.png","width":1752,"height":993,"caption":"museionparis.com"},"image":{"@id":"https:\/\/museionparis.com\/#\/schema\/logo\/image\/"},"sameAs":["https:\/\/facebook.com\/mupamuseionparis\/","https:\/\/www.instagram.com\/mupa_museionparis"]}]}},"_links":{"self":[{"href":"https:\/\/museionparis.com\/index.php\/wp-json\/wp\/v2\/pages\/681","targetHints":{"allow":["GET"]}}],"collection":[{"href":"https:\/\/museionparis.com\/index.php\/wp-json\/wp\/v2\/pages"}],"about":[{"href":"https:\/\/museionparis.com\/index.php\/wp-json\/wp\/v2\/types\/page"}],"author":[{"embeddable":true,"href":"https:\/\/museionparis.com\/index.php\/wp-json\/wp\/v2\/users\/1"}],"replies":[{"embeddable":true,"href":"https:\/\/museionparis.com\/index.php\/wp-json\/wp\/v2\/comments?post=681"}],"version-history":[{"count":4,"href":"https:\/\/museionparis.com\/index.php\/wp-json\/wp\/v2\/pages\/681\/revisions"}],"predecessor-version":[{"id":710,"href":"https:\/\/museionparis.com\/index.php\/wp-json\/wp\/v2\/pages\/681\/revisions\/710"}],"wp:attachment":[{"href":"https:\/\/museionparis.com\/index.php\/wp-json\/wp\/v2\/media?parent=681"}],"curies":[{"name":"wp","href":"https:\/\/api.w.org\/{rel}","templated":true}]}}