{"id":493,"date":"2025-08-02T18:11:50","date_gmt":"2025-08-02T16:11:50","guid":{"rendered":"https:\/\/museionparis.com\/?page_id=493"},"modified":"2025-09-13T18:17:47","modified_gmt":"2025-09-13T16:17:47","slug":"residency-of-matylda-tracewska-at-the-museum-national-dhistoire-naturelle-in-paris","status":"publish","type":"page","link":"https:\/\/museionparis.com\/index.php\/en\/residency-of-matylda-tracewska-at-the-museum-national-dhistoire-naturelle-in-paris\/","title":{"rendered":"Residency of Matylda Tracewska at the Mus\u00e9um national d&rsquo;Histoire naturelle in Paris"},"content":{"rendered":"\n<p>La premi\u00e8re r\u00e9sidence artistique organis\u00e9e par MuPa se d\u00e9roule en 2025 et voit l&rsquo;artiste polonaise Matylda Tracewska accueillie au sein du Mus\u00e9um National d&rsquo;Histoire naturelle de Paris.<\/p>\n\n\n\n<p>In March 2025, Matylda Tracewska, accompanied by Eleonora Savorelli, the curator of the residency, spent a week at the Mus\u00e9um national d&rsquo;Histoire naturelle to meet with the museum&rsquo;s scientists. They had the opportunity to engage with Pierre Sans-Jofre, head of the geology collection, in order to refine the research project and select the stones on which Matylda Tracewska will work. The residency will take place throughout the month of September and will include two outreach days dedicated to school groups and professionals (artists, curators, collectors, and journalists).<\/p>\n<br>\n<br>\n<br>\n\n\n<div class=\"wp-block-image\">\n<figure class=\"aligncenter size-large\"><img loading=\"lazy\" decoding=\"async\" width=\"1024\" height=\"682\" src=\"https:\/\/museionparis.com\/wp-content\/uploads\/2025\/08\/matylda_tracewska-pierre_sans_jofre-mnhn-1024x682.jpg\" alt=\"Matylda Tracewska and Pierre Sans-Jofre during the artist\u2019s residency at the Mus\u00e9um national d'Histoire naturelle\" class=\"wp-image-452\" srcset=\"https:\/\/museionparis.com\/wp-content\/uploads\/2025\/08\/matylda_tracewska-pierre_sans_jofre-mnhn-1024x682.jpg 1024w, https:\/\/museionparis.com\/wp-content\/uploads\/2025\/08\/matylda_tracewska-pierre_sans_jofre-mnhn-300x200.jpg 300w, https:\/\/museionparis.com\/wp-content\/uploads\/2025\/08\/matylda_tracewska-pierre_sans_jofre-mnhn-768x512.jpg 768w, https:\/\/museionparis.com\/wp-content\/uploads\/2025\/08\/matylda_tracewska-pierre_sans_jofre-mnhn-1536x1024.jpg 1536w, https:\/\/museionparis.com\/wp-content\/uploads\/2025\/08\/matylda_tracewska-pierre_sans_jofre-mnhn.jpg 2000w\" sizes=\"auto, (max-width: 1024px) 100vw, 1024px\" \/><figcaption class=\"wp-element-caption\">Matylda Tracewska and Pierre Sans-Jofre during the artist\u2019s residency at the Mus\u00e9um national d&rsquo;Histoire naturelle<\/figcaption><\/figure>\n<\/div>\n\n\n<h3 class=\"wp-block-heading has-text-align-center\">Projet de recherche de la r\u00e9sidence<br><\/h3>\n\n\n\n<p class=\"has-text-align-center\"><br><\/p>\n\n\n\n<p>\u00ab\u00a0<strong>Un des mondes. Pierres sensibles et homologies inattendues<\/strong>\u00ab\u00a0, in English \u00ab\u00a0<strong>One of the worlds. Sensitive stones and unexpected homologies<\/strong>.\u00a0\u00bb, is a project at the intersection of <strong>natural sciences, ethnology, and philosophy<\/strong>. The starting point of this artistic research lies in discussions about specific stones \u2014 <strong>symbolic witnesses of the origin of life on Earth<\/strong>, and a bridge between inert matter and living organisms: <strong>stromatolites<\/strong>.<\/p>\n\n\n\n<p>With the support of scientists from the Mus\u00e9um national d\u2019Histoire naturelle, <strong>Pierre Sans-Jofre<\/strong>, Director and Scientific Head of the Department of Mineralogy and Geology, and <strong>Sylvain Bernard<\/strong>, researcher at the Institute of Mineralogy, Materials Physics, and Cosmochemistry, the artist<strong> Matylda Tracewska<\/strong> (Warsaw, Poland, 1978) and curator <strong>Eleonora Savorelli<\/strong> (Lugo di Romagna, Italy, 1997) decided to deepen their exploration of stromatolites by proposing an artistic perspective that draws from both scientific and ethnological knowledge.<\/p>\n\n\n\n<p>The word \u201cstromatolite\u201d comes from the Greek <em>stroma<\/em> (meaning layer or bed) and <em>lithos<\/em> (meaning rock). These stones display a series of stratifications that suggest imaginary horizons, landscapes, nests, embryos, through which the artist reflects and, while respecting their intrinsic qualities, will create a core body of work using a previously unseen approach.<\/p>\n\n\n\n<p>Stromatolites confirm the <strong>presence of organic matter and oxygen on Earth <\/strong>as far back as<strong> 3.5 billion years ago<\/strong>. These formations emerged thanks to sediments of microorganisms, particularly cyanobacteria, unicellular organisms capable of photosynthesis, and thus producers of the oxygen essential for the development of other forms of life.<\/p>\n\n\n\n<p><strong>The collaboration with scientists at the Mus\u00e9um<\/strong> has been crucial to determine the <strong>age, lithology, and provenance of each stone<\/strong> that Tracewska will work with. Among the geographical references are: the Richat Structure (Mauritania), Woman Lake (Canada), Death Valley (California), Barberton and Pongola (South Africa), England, and France. Each of these regions has been inhabited by peoples with their own creation <strong>myths<\/strong>, some of which have been more or less accurately reconstructed: Berbers, Ojibwe, Timbisha Shoshone, Zulu, Celts, and Gauls. As most of these cultures were rooted in oral traditions, <strong>ethnology <\/strong>serves as a scientific tool to better understand their people and their worldviews. In the early phases of this research, the scientists often approached the topic with a certain freedom, filling the gaps in authentic narratives with elements of their own imagination. For Tracewska, this blending of fact and fiction becomes a rich source of inspiration. <strong>What is measurable, rational, and scientific intermingles with what is intuitive, sensed, and elusive<\/strong>.<\/p>\n\n\n\n<p>Stromatolites,<strong> which retain fossil traces of the life forms that once nourished them<\/strong>, form in marginal environments, between land and water. Beyond the uniqueness of the stones themselves, the defining element of this body of work will be the nature of the research the artist undertakes. Through her artistic language, rooted in <strong>painting and mosaic<\/strong>, Tracewska will explore myths and legends of the origins of life, Earth, and humanity, based on the specific cultural histories of each stone\u2019s place of origin.<\/p>\n\n\n\n<p>The theme of world creation has fascinated humankind throughout history. Every people and culture constructs its own cosmogony. Many phenomena once explained through mythology, religion, or philosophy are today interpreted through <strong>science<\/strong>. Yet some questions still elude rational understanding \u2014 and likely always will. As <strong>Claude L\u00e9vi-Strauss<\/strong> wrote in his essay <em>Myth and Meaning<\/em> :<\/p>\n\n\n\n<p>\u201cI cannot imagine that one day scientific knowledge will be complete and finished. There will always be new problems that emerge at the same pace: because, as science succeeds in answering questions that seemed philosophical a few decades or a century ago, new ones arise that were not previously perceived as problematic. There will always be a gap between the answers science can give us, and the new questions those answers generate.\u201d<br>(<em>L\u00e9vi-Strauss, Myth and Meaning<\/em>, 1978)<\/p>\n\n\n\n<p>Stromatolites, scientific objects of study at the MNHN, become in this artistic project both protagonists, construction materials, and backdrops for mythological narratives about the origins of the world, shaped by the cultures and peoples of the regions where the stones were found. These stories will be evoked mimetically through<strong> minimalist pictorial interventions<\/strong>, while the stones themselves will serve as starting points for<strong> mosaic<\/strong> additions, regaining a dignity that emphasizes their significance in the history of humanity.<\/p>\n\n\n\n<p><\/p>\n\n\n\n<p><\/p>\n\n\n\n<p><\/p>\n\n\n\n<p><\/p>\n\n\n\n<p>Find an <a href=\"https:\/\/museionparis.com\/index.php\/en\/2025\/09\/12\/interview-matylda_tracewska-2\/\">interview of Matylda Traewska by MuPa<\/a><\/p>\n","protected":false},"excerpt":{"rendered":"<p>La premi\u00e8re r\u00e9sidence artistique organis\u00e9e par MuPa se d\u00e9roule en 2025 et voit l&rsquo;artiste polonaise Matylda Tracewska accueillie au sein du Mus\u00e9um National d&rsquo;Histoire naturelle de Paris. In March 2025, Matylda Tracewska, accompanied by Eleonora Savorelli, the curator of the residency, spent a week at the Mus\u00e9um national d&rsquo;Histoire naturelle to meet with the museum&rsquo;s [&hellip;]<\/p>\n","protected":false},"author":1,"featured_media":0,"parent":0,"menu_order":0,"comment_status":"closed","ping_status":"closed","template":"","meta":{"footnotes":""},"class_list":["post-493","page","type-page","status-publish","czr-hentry"],"yoast_head":"<!-- This site is optimized with the Yoast SEO plugin v27.0 - https:\/\/yoast.com\/product\/yoast-seo-wordpress\/ -->\n<title>Residency of Matylda Tracewska at the Mus\u00e9um national d&#039;Histoire naturelle in Paris - museionparis.com<\/title>\n<meta name=\"description\" content=\"Artist residency of Matylda Tracewska at the National Museum of Natural History in Paris in 2025.\" \/>\n<meta name=\"robots\" content=\"index, follow, max-snippet:-1, max-image-preview:large, max-video-preview:-1\" \/>\n<link rel=\"canonical\" href=\"https:\/\/museionparis.com\/index.php\/en\/residency-of-matylda-tracewska-at-the-museum-national-dhistoire-naturelle-in-paris\/\" \/>\n<meta property=\"og:locale\" content=\"fr_FR\" \/>\n<meta property=\"og:type\" content=\"article\" \/>\n<meta property=\"og:title\" content=\"Residency of Matylda Tracewska at the Mus\u00e9um national d&#039;Histoire naturelle in Paris - museionparis.com\" \/>\n<meta property=\"og:description\" content=\"Artist residency of Matylda Tracewska at the National Museum of Natural History in Paris in 2025.\" \/>\n<meta property=\"og:url\" content=\"https:\/\/museionparis.com\/index.php\/en\/residency-of-matylda-tracewska-at-the-museum-national-dhistoire-naturelle-in-paris\/\" \/>\n<meta property=\"og:site_name\" content=\"museionparis.com\" \/>\n<meta property=\"article:publisher\" content=\"https:\/\/facebook.com\/mupamuseionparis\/\" \/>\n<meta property=\"article:modified_time\" content=\"2025-09-13T16:17:47+00:00\" \/>\n<meta property=\"og:image\" content=\"https:\/\/museionparis.com\/wp-content\/uploads\/2025\/08\/matylda_tracewska-pierre_sans_jofre-mnhn.jpg\" \/>\n\t<meta property=\"og:image:width\" content=\"2000\" \/>\n\t<meta property=\"og:image:height\" content=\"1333\" \/>\n\t<meta property=\"og:image:type\" content=\"image\/jpeg\" \/>\n<meta name=\"twitter:card\" content=\"summary_large_image\" \/>\n<meta name=\"twitter:label1\" content=\"Dur\u00e9e de lecture estim\u00e9e\" \/>\n\t<meta name=\"twitter:data1\" content=\"5 minutes\" \/>\n<script type=\"application\/ld+json\" class=\"yoast-schema-graph\">{\"@context\":\"https:\/\/schema.org\",\"@graph\":[{\"@type\":\"WebPage\",\"@id\":\"https:\/\/museionparis.com\/index.php\/en\/residency-of-matylda-tracewska-at-the-museum-national-dhistoire-naturelle-in-paris\/\",\"url\":\"https:\/\/museionparis.com\/index.php\/en\/residency-of-matylda-tracewska-at-the-museum-national-dhistoire-naturelle-in-paris\/\",\"name\":\"Residency of Matylda Tracewska at the Mus\u00e9um national d'Histoire naturelle in Paris - museionparis.com\",\"isPartOf\":{\"@id\":\"https:\/\/museionparis.com\/#website\"},\"primaryImageOfPage\":{\"@id\":\"https:\/\/museionparis.com\/index.php\/en\/residency-of-matylda-tracewska-at-the-museum-national-dhistoire-naturelle-in-paris\/#primaryimage\"},\"image\":{\"@id\":\"https:\/\/museionparis.com\/index.php\/en\/residency-of-matylda-tracewska-at-the-museum-national-dhistoire-naturelle-in-paris\/#primaryimage\"},\"thumbnailUrl\":\"https:\/\/museionparis.com\/wp-content\/uploads\/2025\/08\/matylda_tracewska-pierre_sans_jofre-mnhn-1024x682.jpg\",\"datePublished\":\"2025-08-02T16:11:50+00:00\",\"dateModified\":\"2025-09-13T16:17:47+00:00\",\"description\":\"Artist residency of Matylda Tracewska at the National Museum of Natural History in Paris in 2025.\",\"breadcrumb\":{\"@id\":\"https:\/\/museionparis.com\/index.php\/en\/residency-of-matylda-tracewska-at-the-museum-national-dhistoire-naturelle-in-paris\/#breadcrumb\"},\"inLanguage\":\"fr-FR\",\"potentialAction\":[{\"@type\":\"ReadAction\",\"target\":[\"https:\/\/museionparis.com\/index.php\/en\/residency-of-matylda-tracewska-at-the-museum-national-dhistoire-naturelle-in-paris\/\"]}]},{\"@type\":\"ImageObject\",\"inLanguage\":\"fr-FR\",\"@id\":\"https:\/\/museionparis.com\/index.php\/en\/residency-of-matylda-tracewska-at-the-museum-national-dhistoire-naturelle-in-paris\/#primaryimage\",\"url\":\"https:\/\/museionparis.com\/wp-content\/uploads\/2025\/08\/matylda_tracewska-pierre_sans_jofre-mnhn.jpg\",\"contentUrl\":\"https:\/\/museionparis.com\/wp-content\/uploads\/2025\/08\/matylda_tracewska-pierre_sans_jofre-mnhn.jpg\",\"width\":2000,\"height\":1333,\"caption\":\"Matylda Tracewska and Pierre Sans-Jofre during the artist\u2019s residency at the Mus\u00e9um national d'Histoire naturelle\"},{\"@type\":\"BreadcrumbList\",\"@id\":\"https:\/\/museionparis.com\/index.php\/en\/residency-of-matylda-tracewska-at-the-museum-national-dhistoire-naturelle-in-paris\/#breadcrumb\",\"itemListElement\":[{\"@type\":\"ListItem\",\"position\":1,\"name\":\"Accueil\",\"item\":\"https:\/\/museionparis.com\/\"},{\"@type\":\"ListItem\",\"position\":2,\"name\":\"Residency of Matylda Tracewska at the Mus\u00e9um national d&rsquo;Histoire naturelle in Paris\"}]},{\"@type\":\"WebSite\",\"@id\":\"https:\/\/museionparis.com\/#website\",\"url\":\"https:\/\/museionparis.com\/\",\"name\":\"museionparis.com\",\"description\":\"D\u00e9di\u00e9 aux artistes contemporains qui explorent le m\u00e9dium de la mosa\u00efque\",\"publisher\":{\"@id\":\"https:\/\/museionparis.com\/#organization\"},\"potentialAction\":[{\"@type\":\"SearchAction\",\"target\":{\"@type\":\"EntryPoint\",\"urlTemplate\":\"https:\/\/museionparis.com\/?s={search_term_string}\"},\"query-input\":{\"@type\":\"PropertyValueSpecification\",\"valueRequired\":true,\"valueName\":\"search_term_string\"}}],\"inLanguage\":\"fr-FR\"},{\"@type\":\"Organization\",\"@id\":\"https:\/\/museionparis.com\/#organization\",\"name\":\"museionparis.com\",\"url\":\"https:\/\/museionparis.com\/\",\"logo\":{\"@type\":\"ImageObject\",\"inLanguage\":\"fr-FR\",\"@id\":\"https:\/\/museionparis.com\/#\/schema\/logo\/image\/\",\"url\":\"https:\/\/museionparis.com\/wp-content\/uploads\/2024\/03\/logo-rvb-png-2.png\",\"contentUrl\":\"https:\/\/museionparis.com\/wp-content\/uploads\/2024\/03\/logo-rvb-png-2.png\",\"width\":1752,\"height\":993,\"caption\":\"museionparis.com\"},\"image\":{\"@id\":\"https:\/\/museionparis.com\/#\/schema\/logo\/image\/\"},\"sameAs\":[\"https:\/\/facebook.com\/mupamuseionparis\/\",\"https:\/\/www.instagram.com\/mupa_museionparis\"]}]}<\/script>\n<!-- \/ Yoast SEO plugin. -->","yoast_head_json":{"title":"Residency of Matylda Tracewska at the Mus\u00e9um national d'Histoire naturelle in Paris - museionparis.com","description":"Artist residency of Matylda Tracewska at the National Museum of Natural History in Paris in 2025.","robots":{"index":"index","follow":"follow","max-snippet":"max-snippet:-1","max-image-preview":"max-image-preview:large","max-video-preview":"max-video-preview:-1"},"canonical":"https:\/\/museionparis.com\/index.php\/en\/residency-of-matylda-tracewska-at-the-museum-national-dhistoire-naturelle-in-paris\/","og_locale":"fr_FR","og_type":"article","og_title":"Residency of Matylda Tracewska at the Mus\u00e9um national d'Histoire naturelle in Paris - museionparis.com","og_description":"Artist residency of Matylda Tracewska at the National Museum of Natural History in Paris in 2025.","og_url":"https:\/\/museionparis.com\/index.php\/en\/residency-of-matylda-tracewska-at-the-museum-national-dhistoire-naturelle-in-paris\/","og_site_name":"museionparis.com","article_publisher":"https:\/\/facebook.com\/mupamuseionparis\/","article_modified_time":"2025-09-13T16:17:47+00:00","og_image":[{"width":2000,"height":1333,"url":"https:\/\/museionparis.com\/wp-content\/uploads\/2025\/08\/matylda_tracewska-pierre_sans_jofre-mnhn.jpg","type":"image\/jpeg"}],"twitter_card":"summary_large_image","twitter_misc":{"Dur\u00e9e de lecture estim\u00e9e":"5 minutes"},"schema":{"@context":"https:\/\/schema.org","@graph":[{"@type":"WebPage","@id":"https:\/\/museionparis.com\/index.php\/en\/residency-of-matylda-tracewska-at-the-museum-national-dhistoire-naturelle-in-paris\/","url":"https:\/\/museionparis.com\/index.php\/en\/residency-of-matylda-tracewska-at-the-museum-national-dhistoire-naturelle-in-paris\/","name":"Residency of Matylda Tracewska at the Mus\u00e9um national d'Histoire naturelle in Paris - museionparis.com","isPartOf":{"@id":"https:\/\/museionparis.com\/#website"},"primaryImageOfPage":{"@id":"https:\/\/museionparis.com\/index.php\/en\/residency-of-matylda-tracewska-at-the-museum-national-dhistoire-naturelle-in-paris\/#primaryimage"},"image":{"@id":"https:\/\/museionparis.com\/index.php\/en\/residency-of-matylda-tracewska-at-the-museum-national-dhistoire-naturelle-in-paris\/#primaryimage"},"thumbnailUrl":"https:\/\/museionparis.com\/wp-content\/uploads\/2025\/08\/matylda_tracewska-pierre_sans_jofre-mnhn-1024x682.jpg","datePublished":"2025-08-02T16:11:50+00:00","dateModified":"2025-09-13T16:17:47+00:00","description":"Artist residency of Matylda Tracewska at the National Museum of Natural History in Paris in 2025.","breadcrumb":{"@id":"https:\/\/museionparis.com\/index.php\/en\/residency-of-matylda-tracewska-at-the-museum-national-dhistoire-naturelle-in-paris\/#breadcrumb"},"inLanguage":"fr-FR","potentialAction":[{"@type":"ReadAction","target":["https:\/\/museionparis.com\/index.php\/en\/residency-of-matylda-tracewska-at-the-museum-national-dhistoire-naturelle-in-paris\/"]}]},{"@type":"ImageObject","inLanguage":"fr-FR","@id":"https:\/\/museionparis.com\/index.php\/en\/residency-of-matylda-tracewska-at-the-museum-national-dhistoire-naturelle-in-paris\/#primaryimage","url":"https:\/\/museionparis.com\/wp-content\/uploads\/2025\/08\/matylda_tracewska-pierre_sans_jofre-mnhn.jpg","contentUrl":"https:\/\/museionparis.com\/wp-content\/uploads\/2025\/08\/matylda_tracewska-pierre_sans_jofre-mnhn.jpg","width":2000,"height":1333,"caption":"Matylda Tracewska and Pierre Sans-Jofre during the artist\u2019s residency at the Mus\u00e9um national d'Histoire naturelle"},{"@type":"BreadcrumbList","@id":"https:\/\/museionparis.com\/index.php\/en\/residency-of-matylda-tracewska-at-the-museum-national-dhistoire-naturelle-in-paris\/#breadcrumb","itemListElement":[{"@type":"ListItem","position":1,"name":"Accueil","item":"https:\/\/museionparis.com\/"},{"@type":"ListItem","position":2,"name":"Residency of Matylda Tracewska at the Mus\u00e9um national d&rsquo;Histoire naturelle in Paris"}]},{"@type":"WebSite","@id":"https:\/\/museionparis.com\/#website","url":"https:\/\/museionparis.com\/","name":"museionparis.com","description":"D\u00e9di\u00e9 aux artistes contemporains qui explorent le m\u00e9dium de la mosa\u00efque","publisher":{"@id":"https:\/\/museionparis.com\/#organization"},"potentialAction":[{"@type":"SearchAction","target":{"@type":"EntryPoint","urlTemplate":"https:\/\/museionparis.com\/?s={search_term_string}"},"query-input":{"@type":"PropertyValueSpecification","valueRequired":true,"valueName":"search_term_string"}}],"inLanguage":"fr-FR"},{"@type":"Organization","@id":"https:\/\/museionparis.com\/#organization","name":"museionparis.com","url":"https:\/\/museionparis.com\/","logo":{"@type":"ImageObject","inLanguage":"fr-FR","@id":"https:\/\/museionparis.com\/#\/schema\/logo\/image\/","url":"https:\/\/museionparis.com\/wp-content\/uploads\/2024\/03\/logo-rvb-png-2.png","contentUrl":"https:\/\/museionparis.com\/wp-content\/uploads\/2024\/03\/logo-rvb-png-2.png","width":1752,"height":993,"caption":"museionparis.com"},"image":{"@id":"https:\/\/museionparis.com\/#\/schema\/logo\/image\/"},"sameAs":["https:\/\/facebook.com\/mupamuseionparis\/","https:\/\/www.instagram.com\/mupa_museionparis"]}]}},"_links":{"self":[{"href":"https:\/\/museionparis.com\/index.php\/wp-json\/wp\/v2\/pages\/493","targetHints":{"allow":["GET"]}}],"collection":[{"href":"https:\/\/museionparis.com\/index.php\/wp-json\/wp\/v2\/pages"}],"about":[{"href":"https:\/\/museionparis.com\/index.php\/wp-json\/wp\/v2\/types\/page"}],"author":[{"embeddable":true,"href":"https:\/\/museionparis.com\/index.php\/wp-json\/wp\/v2\/users\/1"}],"replies":[{"embeddable":true,"href":"https:\/\/museionparis.com\/index.php\/wp-json\/wp\/v2\/comments?post=493"}],"version-history":[{"count":10,"href":"https:\/\/museionparis.com\/index.php\/wp-json\/wp\/v2\/pages\/493\/revisions"}],"predecessor-version":[{"id":616,"href":"https:\/\/museionparis.com\/index.php\/wp-json\/wp\/v2\/pages\/493\/revisions\/616"}],"wp:attachment":[{"href":"https:\/\/museionparis.com\/index.php\/wp-json\/wp\/v2\/media?parent=493"}],"curies":[{"name":"wp","href":"https:\/\/api.w.org\/{rel}","templated":true}]}}