{"id":450,"date":"2025-08-02T17:06:11","date_gmt":"2025-08-02T15:06:11","guid":{"rendered":"https:\/\/museionparis.com\/?page_id=450"},"modified":"2026-02-01T11:15:00","modified_gmt":"2026-02-01T10:15:00","slug":"residence_artistique-matylda_tracewska-mnhn_paris","status":"publish","type":"page","link":"https:\/\/museionparis.com\/index.php\/residence_artistique-matylda_tracewska-mnhn_paris\/","title":{"rendered":"R\u00e9sidence de Matylda Tracewska au Mus\u00e9um national d&rsquo;Histoire naturelle de Paris"},"content":{"rendered":"\n<p>La premi\u00e8re r\u00e9sidence artistique organis\u00e9e par MuPa se d\u00e9roule en 2025 et voit l&rsquo;artiste polonaise Matylda Tracewska accueillie au sein du Mus\u00e9um National d&rsquo;Histoire naturelle de Paris.<\/p>\n\n\n\n<p>Durant le mois de mars 2025, Matylda Tracewska accompagn\u00e9e d&rsquo;Eleonora Savorelli, curatrice de la r\u00e9sidence, sont venues une semaine au MnHn afin de rencontrer les scientifiques du mus\u00e9um et ont pu \u00e9changer avec Pierre Sans-Jofre, responsable de la collection de g\u00e9ologie afin de d\u00e9finir plus pr\u00e9cis\u00e9ment le projet de recherche et de choisir les pierres sur lesquelles Matylda Tracewska interviendra. La r\u00e9sidence se d\u00e9roule tout au long du mois de septembre et propose deux journ\u00e9es de m\u00e9diation \u00e0 destination d&rsquo;un public scolaire et de professionnels (artistes, curateurs, collectionneurs et journalistes).<br><br><br><\/p>\n<br>\n<br>\n<br>\n\n\n<div class=\"wp-block-image\">\n<figure class=\"aligncenter size-large is-resized\"><img loading=\"lazy\" decoding=\"async\" width=\"1024\" height=\"682\" src=\"https:\/\/museionparis.com\/wp-content\/uploads\/2025\/08\/matylda_tracewska-pierre_sans_jofre-mnhn-1-1024x682.jpg\" alt=\"Matylda Tracewska et Pierre Sans-Jofre lors de la r\u00e9sidence de l'artiste au MnHn\" class=\"wp-image-453\" style=\"width:1024px;height:auto\" srcset=\"https:\/\/museionparis.com\/wp-content\/uploads\/2025\/08\/matylda_tracewska-pierre_sans_jofre-mnhn-1-1024x682.jpg 1024w, https:\/\/museionparis.com\/wp-content\/uploads\/2025\/08\/matylda_tracewska-pierre_sans_jofre-mnhn-1-300x200.jpg 300w, https:\/\/museionparis.com\/wp-content\/uploads\/2025\/08\/matylda_tracewska-pierre_sans_jofre-mnhn-1-768x512.jpg 768w, https:\/\/museionparis.com\/wp-content\/uploads\/2025\/08\/matylda_tracewska-pierre_sans_jofre-mnhn-1-1536x1024.jpg 1536w, https:\/\/museionparis.com\/wp-content\/uploads\/2025\/08\/matylda_tracewska-pierre_sans_jofre-mnhn-1.jpg 2000w\" sizes=\"auto, (max-width: 1024px) 100vw, 1024px\" \/><figcaption class=\"wp-element-caption\">Matylda Tracewska et Pierre Sans-Jofre lors de la semaine d&rsquo;exploration de l&rsquo;artiste au MnHn<\/figcaption><\/figure>\n<\/div>\n\n\n<br>\n<br>\n<br>\n<h3 class=\"wp-block-heading has-text-align-center\">Projet de recherche de la r\u00e9sidence<\/h3>\n\n\n\n<br>\n<br>\n<br>\n<p class=\"has-text-align-left\">\u00ab\u00a0Un des mondes. Pierres sensibles et homologies inattendues\u00a0\u00bb, est un projet \u00e0 l\u2019<strong>intersection des sciences naturelles, de l\u2019ethnologie et de la philosophie<\/strong>. Le point de d\u00e9part de cette recherche artistique tient dans les \u00e9changes portant sur des pierres sp\u00e9cifiques,<strong> t\u00e9moins symboliques de la naissance de la vie sur terre<\/strong>, trait d\u2019union entre la mati\u00e8re inerte et la vie:<strong> les<\/strong> <strong>stromatolithes<\/strong>.<br>Gr\u00e2ce \u00e0 l\u2019accompagnement des scientifiques du Mus\u00e9um <strong>Pierre Sans-Jofre<\/strong> &#8211; Directeur et responsable scientifique du D\u00e9partement de Min\u00e9ralogie et G\u00e9ologie &#8211; et <strong>Sylvain Bernard<\/strong> &#8211; chercheur \u00e0 l\u2019Institut de min\u00e9ralogie, de physique des mat\u00e9riaux et de cosmochimie -, l\u2019artiste <strong>Matylda Tracewska<\/strong> (Varsovie, Pologne, 1978) et la curatrice<strong> Eleonora Savorelli<\/strong> (Lugo di Romagna, Italie, 1997) ont d\u00e9cid\u00e9 d\u2019approfondir l\u2019\u00e9tude des stromatolithes en proposant une perspective artistique qui exploite les connaissances scientifiques et ethnologiques.<br>Le terme stromatolite vient du grec \u00ab<strong> stroma<\/strong> \u00bb, qui signifie lit ou couche, et \u00ab <strong>lithos <\/strong>\u00bb qui signifie roche. Ces pierres pr\u00e9sentent une s\u00e9rie de stratifications qui donnent vie \u00e0 des horizons imaginaires, des paysages, des nids, des embryons, \u00e0 travers lesquels l\u2019artiste va r\u00e9fl\u00e9chir et, en respectant leurs caract\u00e9ristiques intrins\u00e8ques, cr\u00e9er un noyau d\u2019oeuvres dans une modalit\u00e9 in\u00e9dite.<br>Les stromatolithes confirment la <strong>pr\u00e9sence de mati\u00e8re organique et d\u2019oxyg\u00e8ne <\/strong>sur terre il y a<strong> 3,5 milliards d\u2019ann\u00e9es<\/strong>. Ce type de formations est en effet n\u00e9 gr\u00e2ce \u00e0 la pr\u00e9sence de s\u00e9diments de micro-organismes, notamment de cyanobact\u00e9ries, c\u2019est-\u00e0-dire des organismes unicellulaires capables de r\u00e9aliser le processus de photosynth\u00e8se et de produire ainsi l\u2019oxyg\u00e8ne indispensable au d\u00e9veloppement d\u2019autres formes de vie.<br>La<strong> collaboration de scientifiques du MnHn<\/strong> a \u00e9t\u00e9 fondamentale pour d\u00e9terminer <strong>\u00e2ge, lithologie et provenance de chacune des pierres<\/strong> qui fera l\u2019objet du travail artistique de Tracewska. Parmi les r\u00e9f\u00e9rences g\u00e9ographiques figurent : la Structure de Richat (Mauritanie), Woman Lake (Canada), Death Valley (California), Barberton et Pongola (Afrique du Sud), l\u2019Angleterre et la France. Chacun de ces territoires a \u00e9t\u00e9 habit\u00e9 par des peuples qui poss\u00e9daient leurs propres<strong> l\u00e9gendes<\/strong> sur les origines du monde, que l\u2019on a pu reconstituer avec plus ou moins de pr\u00e9cision : berb\u00e8res, Ojibw\u00e9s, Timbisha Shoshone, Zoulous, Celtes et Gaulois. Comme la grande majorit\u00e9 de ces cultures reposaient sur une tradition orale, l\u2019<strong>ethnologie<\/strong> prend la forme d\u2019un dispositif scientifique pour mieux comprendre les peuples et leurs traditions. Dans les premi\u00e8res phases de cette recherche, les chercheurs ont souvent abord\u00e9 le sujet avec une certaine libert\u00e9, en comblant les lacunes des r\u00e9cits authentiques avec des \u00e9l\u00e9ments issus de leur imaginaire. Pour Tracewska, cette approche constitue une source d\u2019inspiration riche.<strong> Ce qui est mesurable, rationnel et scientifique se m\u00eale \u00e0 ce qui est intuitif, pressenti, difficile \u00e0 saisir<\/strong>.<br>Les stromatolithes, qui pr\u00e9sentent des<strong> traces fossiles des \u00eatres vivants <\/strong>qui les ont nourries, se forment dans des environnements marginaux, entre la terre et l\u2019eau. Outre la sp\u00e9cificit\u00e9 des pierres, l\u2019aspect qui rendra cette production unique sera le type de recherche que l\u2019artiste effectuera. Pr\u00e9cis\u00e9ment \u00e0 travers son langage artistique, qui trouve son origine dans des <strong>interventions picturales et de mosa\u00efque<\/strong>, Tracewska se penchera sur les mythes et les l\u00e9gendes relatifs aux origines de la vie, \u00e0 la naissance de la terre et \u00e0 celle de l\u2019esp\u00e8ce humaine en fonction de la provenance de chaque pierre.<br>Le th\u00e8me de la cr\u00e9ation du monde a fascin\u00e9 l\u2019humanit\u00e9 tout au long de son histoire. Chaque peuple et chaque culture \u00e9labore sa propre <strong>cosmogonie<\/strong>. De nombreux ph\u00e9nom\u00e8nes autrefois expliqu\u00e9s \u00e0 l\u2019aide de la mythologie, des croyances religieuses ou de la philosophie, trouvent aujourd\u2019hui leur explication dans la <strong>science<\/strong>. Pourtant, il subsiste des questions qui \u00e9chappent encore \u00e0 la compr\u00e9hension rationnelle et il est probable qu\u2019il en sera toujours ainsi.<strong> Claude L\u00e9vi-Strauss<\/strong> l\u2019\u00e9voque dans son essai <strong>Mythe et signification<\/strong> : \u00ab (\u2026) Je ne peux pas imaginer qu\u2019un jour la connaissance scientifique soit achev\u00e9e et compl\u00e8te. Il y aura toujours de nouveaux probl\u00e8mes qui appara\u00eetront au m\u00eame rythme : car, \u00e0 mesure que la science parvient \u00e0 r\u00e9soudre des questions qui semblaient philosophiques il y a quelques d\u00e9cennies ou un si\u00e8cle, de nouvelles surgissent, qui jusque-l\u00e0 n\u2019\u00e9taient pas per\u00e7ues comme probl\u00e9matiques. Il y aura toujours un d\u00e9calage entre la r\u00e9ponse que peut nous fournir la science, et la nouvelle question que cette r\u00e9ponse engendrera. \u00bb (L\u00e9vi-Strauss, Myth and Meaning, 1978)<br>Les stromatolithes, objets d\u2019\u00e9tude scientifique au MNHN, deviennent dans ce projet artistique \u00e0 la fois protagonistes, mat\u00e9riaux de construction et toile de fond pour les r\u00e9cits mythologiques des origines du monde, d\u00e9velopp\u00e9s sur la base des cultures et peuples habitant les lieux o\u00f9 les pierres ont \u00e9t\u00e9 retrouv\u00e9es. Ces r\u00e9cits seront sugg\u00e9r\u00e9s de mani\u00e8re mim\u00e9tique \u00e0 travers des<strong> interventions picturales minimalistes<\/strong> et les pierres seront des points de d\u00e9part pour des ajouts en <strong>mosa\u00efque<\/strong>, retrouvant une dignit\u00e9 qui souligne leur importance<br>dans l\u2019histoire de l\u2019humanit\u00e9.<br><\/p>\n\n\n\n<p class=\"has-text-align-left\"><\/p>\n\n\n\n<p><\/p>\n\n\n\n<p>Retrouvez l&rsquo;<a href=\"https:\/\/museionparis.com\/index.php\/2025\/09\/12\/interview-matylda_tracewska\/\">entretien avec Matylda Tracewska<\/a><\/p>\n\n\n\n<p><\/p>\n","protected":false},"excerpt":{"rendered":"<p>La premi\u00e8re r\u00e9sidence artistique organis\u00e9e par MuPa se d\u00e9roule en 2025 et voit l&rsquo;artiste polonaise Matylda Tracewska accueillie au sein du Mus\u00e9um National d&rsquo;Histoire naturelle de Paris. Durant le mois de mars 2025, Matylda Tracewska accompagn\u00e9e d&rsquo;Eleonora Savorelli, curatrice de la r\u00e9sidence, sont venues une semaine au MnHn afin de rencontrer les scientifiques du mus\u00e9um [&hellip;]<\/p>\n","protected":false},"author":1,"featured_media":0,"parent":0,"menu_order":0,"comment_status":"closed","ping_status":"closed","template":"","meta":{"footnotes":""},"class_list":["post-450","page","type-page","status-publish","czr-hentry"],"yoast_head":"<!-- This site is optimized with the Yoast SEO plugin v27.0 - https:\/\/yoast.com\/product\/yoast-seo-wordpress\/ -->\n<title>R\u00e9sidence de Matylda Tracewska au Mus\u00e9um national d&#039;Histoire naturelle de Paris - museionparis.com<\/title>\n<meta name=\"description\" content=\"R\u00e9sidence artistique de Matylda Tracewska au Mus\u00e9um national d&#039;Histoire naturelle de Paris, en septembre 2025.\" \/>\n<meta name=\"robots\" content=\"index, follow, max-snippet:-1, max-image-preview:large, max-video-preview:-1\" \/>\n<link rel=\"canonical\" href=\"https:\/\/museionparis.com\/index.php\/residence_artistique-matylda_tracewska-mnhn_paris\/\" \/>\n<meta property=\"og:locale\" content=\"fr_FR\" \/>\n<meta property=\"og:type\" content=\"article\" \/>\n<meta property=\"og:title\" content=\"R\u00e9sidence de Matylda Tracewska au Mus\u00e9um national d&#039;Histoire naturelle de Paris - museionparis.com\" \/>\n<meta property=\"og:description\" content=\"R\u00e9sidence artistique de Matylda Tracewska au Mus\u00e9um national d&#039;Histoire naturelle de Paris, en septembre 2025.\" \/>\n<meta property=\"og:url\" content=\"https:\/\/museionparis.com\/index.php\/residence_artistique-matylda_tracewska-mnhn_paris\/\" \/>\n<meta property=\"og:site_name\" content=\"museionparis.com\" \/>\n<meta property=\"article:publisher\" content=\"https:\/\/facebook.com\/mupamuseionparis\/\" \/>\n<meta property=\"article:modified_time\" content=\"2026-02-01T10:15:00+00:00\" \/>\n<meta property=\"og:image\" content=\"https:\/\/museionparis.com\/wp-content\/uploads\/2025\/08\/matylda_tracewska-pierre_sans_jofre-mnhn-1.jpg\" \/>\n\t<meta property=\"og:image:width\" content=\"2000\" \/>\n\t<meta property=\"og:image:height\" content=\"1333\" \/>\n\t<meta property=\"og:image:type\" content=\"image\/jpeg\" \/>\n<meta name=\"twitter:card\" content=\"summary_large_image\" \/>\n<meta name=\"twitter:label1\" content=\"Dur\u00e9e de lecture estim\u00e9e\" \/>\n\t<meta name=\"twitter:data1\" content=\"5 minutes\" \/>\n<script type=\"application\/ld+json\" class=\"yoast-schema-graph\">{\"@context\":\"https:\/\/schema.org\",\"@graph\":[{\"@type\":\"WebPage\",\"@id\":\"https:\/\/museionparis.com\/index.php\/residence_artistique-matylda_tracewska-mnhn_paris\/\",\"url\":\"https:\/\/museionparis.com\/index.php\/residence_artistique-matylda_tracewska-mnhn_paris\/\",\"name\":\"R\u00e9sidence de Matylda Tracewska au Mus\u00e9um national d'Histoire naturelle de Paris - museionparis.com\",\"isPartOf\":{\"@id\":\"https:\/\/museionparis.com\/#website\"},\"primaryImageOfPage\":{\"@id\":\"https:\/\/museionparis.com\/index.php\/residence_artistique-matylda_tracewska-mnhn_paris\/#primaryimage\"},\"image\":{\"@id\":\"https:\/\/museionparis.com\/index.php\/residence_artistique-matylda_tracewska-mnhn_paris\/#primaryimage\"},\"thumbnailUrl\":\"https:\/\/museionparis.com\/wp-content\/uploads\/2025\/08\/matylda_tracewska-pierre_sans_jofre-mnhn-1-1024x682.jpg\",\"datePublished\":\"2025-08-02T15:06:11+00:00\",\"dateModified\":\"2026-02-01T10:15:00+00:00\",\"description\":\"R\u00e9sidence artistique de Matylda Tracewska au Mus\u00e9um national d'Histoire naturelle de Paris, en septembre 2025.\",\"breadcrumb\":{\"@id\":\"https:\/\/museionparis.com\/index.php\/residence_artistique-matylda_tracewska-mnhn_paris\/#breadcrumb\"},\"inLanguage\":\"fr-FR\",\"potentialAction\":[{\"@type\":\"ReadAction\",\"target\":[\"https:\/\/museionparis.com\/index.php\/residence_artistique-matylda_tracewska-mnhn_paris\/\"]}]},{\"@type\":\"ImageObject\",\"inLanguage\":\"fr-FR\",\"@id\":\"https:\/\/museionparis.com\/index.php\/residence_artistique-matylda_tracewska-mnhn_paris\/#primaryimage\",\"url\":\"https:\/\/museionparis.com\/wp-content\/uploads\/2025\/08\/matylda_tracewska-pierre_sans_jofre-mnhn-1.jpg\",\"contentUrl\":\"https:\/\/museionparis.com\/wp-content\/uploads\/2025\/08\/matylda_tracewska-pierre_sans_jofre-mnhn-1.jpg\",\"width\":2000,\"height\":1333,\"caption\":\"Matylda Tracewska et Pierre Sans-Jofre lors de la r\u00e9sidence de l'artiste au MnHn\"},{\"@type\":\"BreadcrumbList\",\"@id\":\"https:\/\/museionparis.com\/index.php\/residence_artistique-matylda_tracewska-mnhn_paris\/#breadcrumb\",\"itemListElement\":[{\"@type\":\"ListItem\",\"position\":1,\"name\":\"Accueil\",\"item\":\"https:\/\/museionparis.com\/\"},{\"@type\":\"ListItem\",\"position\":2,\"name\":\"R\u00e9sidence de Matylda Tracewska au Mus\u00e9um national d&rsquo;Histoire naturelle de Paris\"}]},{\"@type\":\"WebSite\",\"@id\":\"https:\/\/museionparis.com\/#website\",\"url\":\"https:\/\/museionparis.com\/\",\"name\":\"museionparis.com\",\"description\":\"D\u00e9di\u00e9 aux artistes contemporains qui explorent le m\u00e9dium de la mosa\u00efque\",\"publisher\":{\"@id\":\"https:\/\/museionparis.com\/#organization\"},\"potentialAction\":[{\"@type\":\"SearchAction\",\"target\":{\"@type\":\"EntryPoint\",\"urlTemplate\":\"https:\/\/museionparis.com\/?s={search_term_string}\"},\"query-input\":{\"@type\":\"PropertyValueSpecification\",\"valueRequired\":true,\"valueName\":\"search_term_string\"}}],\"inLanguage\":\"fr-FR\"},{\"@type\":\"Organization\",\"@id\":\"https:\/\/museionparis.com\/#organization\",\"name\":\"museionparis.com\",\"url\":\"https:\/\/museionparis.com\/\",\"logo\":{\"@type\":\"ImageObject\",\"inLanguage\":\"fr-FR\",\"@id\":\"https:\/\/museionparis.com\/#\/schema\/logo\/image\/\",\"url\":\"https:\/\/museionparis.com\/wp-content\/uploads\/2024\/03\/logo-rvb-png-2.png\",\"contentUrl\":\"https:\/\/museionparis.com\/wp-content\/uploads\/2024\/03\/logo-rvb-png-2.png\",\"width\":1752,\"height\":993,\"caption\":\"museionparis.com\"},\"image\":{\"@id\":\"https:\/\/museionparis.com\/#\/schema\/logo\/image\/\"},\"sameAs\":[\"https:\/\/facebook.com\/mupamuseionparis\/\",\"https:\/\/www.instagram.com\/mupa_museionparis\"]}]}<\/script>\n<!-- \/ Yoast SEO plugin. -->","yoast_head_json":{"title":"R\u00e9sidence de Matylda Tracewska au Mus\u00e9um national d'Histoire naturelle de Paris - museionparis.com","description":"R\u00e9sidence artistique de Matylda Tracewska au Mus\u00e9um national d'Histoire naturelle de Paris, en septembre 2025.","robots":{"index":"index","follow":"follow","max-snippet":"max-snippet:-1","max-image-preview":"max-image-preview:large","max-video-preview":"max-video-preview:-1"},"canonical":"https:\/\/museionparis.com\/index.php\/residence_artistique-matylda_tracewska-mnhn_paris\/","og_locale":"fr_FR","og_type":"article","og_title":"R\u00e9sidence de Matylda Tracewska au Mus\u00e9um national d'Histoire naturelle de Paris - museionparis.com","og_description":"R\u00e9sidence artistique de Matylda Tracewska au Mus\u00e9um national d'Histoire naturelle de Paris, en septembre 2025.","og_url":"https:\/\/museionparis.com\/index.php\/residence_artistique-matylda_tracewska-mnhn_paris\/","og_site_name":"museionparis.com","article_publisher":"https:\/\/facebook.com\/mupamuseionparis\/","article_modified_time":"2026-02-01T10:15:00+00:00","og_image":[{"width":2000,"height":1333,"url":"https:\/\/museionparis.com\/wp-content\/uploads\/2025\/08\/matylda_tracewska-pierre_sans_jofre-mnhn-1.jpg","type":"image\/jpeg"}],"twitter_card":"summary_large_image","twitter_misc":{"Dur\u00e9e de lecture estim\u00e9e":"5 minutes"},"schema":{"@context":"https:\/\/schema.org","@graph":[{"@type":"WebPage","@id":"https:\/\/museionparis.com\/index.php\/residence_artistique-matylda_tracewska-mnhn_paris\/","url":"https:\/\/museionparis.com\/index.php\/residence_artistique-matylda_tracewska-mnhn_paris\/","name":"R\u00e9sidence de Matylda Tracewska au Mus\u00e9um national d'Histoire naturelle de Paris - museionparis.com","isPartOf":{"@id":"https:\/\/museionparis.com\/#website"},"primaryImageOfPage":{"@id":"https:\/\/museionparis.com\/index.php\/residence_artistique-matylda_tracewska-mnhn_paris\/#primaryimage"},"image":{"@id":"https:\/\/museionparis.com\/index.php\/residence_artistique-matylda_tracewska-mnhn_paris\/#primaryimage"},"thumbnailUrl":"https:\/\/museionparis.com\/wp-content\/uploads\/2025\/08\/matylda_tracewska-pierre_sans_jofre-mnhn-1-1024x682.jpg","datePublished":"2025-08-02T15:06:11+00:00","dateModified":"2026-02-01T10:15:00+00:00","description":"R\u00e9sidence artistique de Matylda Tracewska au Mus\u00e9um national d'Histoire naturelle de Paris, en septembre 2025.","breadcrumb":{"@id":"https:\/\/museionparis.com\/index.php\/residence_artistique-matylda_tracewska-mnhn_paris\/#breadcrumb"},"inLanguage":"fr-FR","potentialAction":[{"@type":"ReadAction","target":["https:\/\/museionparis.com\/index.php\/residence_artistique-matylda_tracewska-mnhn_paris\/"]}]},{"@type":"ImageObject","inLanguage":"fr-FR","@id":"https:\/\/museionparis.com\/index.php\/residence_artistique-matylda_tracewska-mnhn_paris\/#primaryimage","url":"https:\/\/museionparis.com\/wp-content\/uploads\/2025\/08\/matylda_tracewska-pierre_sans_jofre-mnhn-1.jpg","contentUrl":"https:\/\/museionparis.com\/wp-content\/uploads\/2025\/08\/matylda_tracewska-pierre_sans_jofre-mnhn-1.jpg","width":2000,"height":1333,"caption":"Matylda Tracewska et Pierre Sans-Jofre lors de la r\u00e9sidence de l'artiste au MnHn"},{"@type":"BreadcrumbList","@id":"https:\/\/museionparis.com\/index.php\/residence_artistique-matylda_tracewska-mnhn_paris\/#breadcrumb","itemListElement":[{"@type":"ListItem","position":1,"name":"Accueil","item":"https:\/\/museionparis.com\/"},{"@type":"ListItem","position":2,"name":"R\u00e9sidence de Matylda Tracewska au Mus\u00e9um national d&rsquo;Histoire naturelle de Paris"}]},{"@type":"WebSite","@id":"https:\/\/museionparis.com\/#website","url":"https:\/\/museionparis.com\/","name":"museionparis.com","description":"D\u00e9di\u00e9 aux artistes contemporains qui explorent le m\u00e9dium de la mosa\u00efque","publisher":{"@id":"https:\/\/museionparis.com\/#organization"},"potentialAction":[{"@type":"SearchAction","target":{"@type":"EntryPoint","urlTemplate":"https:\/\/museionparis.com\/?s={search_term_string}"},"query-input":{"@type":"PropertyValueSpecification","valueRequired":true,"valueName":"search_term_string"}}],"inLanguage":"fr-FR"},{"@type":"Organization","@id":"https:\/\/museionparis.com\/#organization","name":"museionparis.com","url":"https:\/\/museionparis.com\/","logo":{"@type":"ImageObject","inLanguage":"fr-FR","@id":"https:\/\/museionparis.com\/#\/schema\/logo\/image\/","url":"https:\/\/museionparis.com\/wp-content\/uploads\/2024\/03\/logo-rvb-png-2.png","contentUrl":"https:\/\/museionparis.com\/wp-content\/uploads\/2024\/03\/logo-rvb-png-2.png","width":1752,"height":993,"caption":"museionparis.com"},"image":{"@id":"https:\/\/museionparis.com\/#\/schema\/logo\/image\/"},"sameAs":["https:\/\/facebook.com\/mupamuseionparis\/","https:\/\/www.instagram.com\/mupa_museionparis"]}]}},"_links":{"self":[{"href":"https:\/\/museionparis.com\/index.php\/wp-json\/wp\/v2\/pages\/450","targetHints":{"allow":["GET"]}}],"collection":[{"href":"https:\/\/museionparis.com\/index.php\/wp-json\/wp\/v2\/pages"}],"about":[{"href":"https:\/\/museionparis.com\/index.php\/wp-json\/wp\/v2\/types\/page"}],"author":[{"embeddable":true,"href":"https:\/\/museionparis.com\/index.php\/wp-json\/wp\/v2\/users\/1"}],"replies":[{"embeddable":true,"href":"https:\/\/museionparis.com\/index.php\/wp-json\/wp\/v2\/comments?post=450"}],"version-history":[{"count":31,"href":"https:\/\/museionparis.com\/index.php\/wp-json\/wp\/v2\/pages\/450\/revisions"}],"predecessor-version":[{"id":712,"href":"https:\/\/museionparis.com\/index.php\/wp-json\/wp\/v2\/pages\/450\/revisions\/712"}],"wp:attachment":[{"href":"https:\/\/museionparis.com\/index.php\/wp-json\/wp\/v2\/media?parent=450"}],"curies":[{"name":"wp","href":"https:\/\/api.w.org\/{rel}","templated":true}]}}