{"id":395,"date":"2024-10-16T18:22:17","date_gmt":"2024-10-16T16:22:17","guid":{"rendered":"https:\/\/museionparis.com\/?page_id=395"},"modified":"2024-10-16T18:22:17","modified_gmt":"2024-10-16T16:22:17","slug":"privacy-policy","status":"publish","type":"page","link":"https:\/\/museionparis.com\/index.php\/en\/privacy-policy\/","title":{"rendered":"Privacy Policy"},"content":{"rendered":"","protected":false},"excerpt":{"rendered":"","protected":false},"author":1,"featured_media":0,"parent":0,"menu_order":0,"comment_status":"closed","ping_status":"closed","template":"","meta":{"footnotes":""},"class_list":["post-395","page","type-page","status-publish","czr-hentry"],"yoast_head":"<!-- This site is optimized with the Yoast SEO plugin v27.0 - https:\/\/yoast.com\/product\/yoast-seo-wordpress\/ -->\n<title>Privacy Policy - museionparis.com<\/title>\n<meta name=\"robots\" content=\"index, follow, max-snippet:-1, max-image-preview:large, max-video-preview:-1\" \/>\n<link rel=\"canonical\" href=\"https:\/\/museionparis.com\/index.php\/en\/privacy-policy\/\" \/>\n<meta property=\"og:locale\" content=\"fr_FR\" \/>\n<meta property=\"og:type\" content=\"article\" \/>\n<meta property=\"og:title\" content=\"Privacy Policy - museionparis.com\" \/>\n<meta property=\"og:url\" content=\"https:\/\/museionparis.com\/index.php\/en\/privacy-policy\/\" \/>\n<meta property=\"og:site_name\" content=\"museionparis.com\" \/>\n<meta property=\"article:publisher\" content=\"https:\/\/facebook.com\/mupamuseionparis\/\" \/>\n<meta name=\"twitter:card\" content=\"summary_large_image\" \/>\n<script type=\"application\/ld+json\" class=\"yoast-schema-graph\">{\"@context\":\"https:\/\/schema.org\",\"@graph\":[{\"@type\":\"WebPage\",\"@id\":\"https:\/\/museionparis.com\/index.php\/en\/privacy-policy\/\",\"url\":\"https:\/\/museionparis.com\/index.php\/en\/privacy-policy\/\",\"name\":\"Privacy Policy - museionparis.com\",\"isPartOf\":{\"@id\":\"https:\/\/museionparis.com\/#website\"},\"datePublished\":\"2024-10-16T16:22:17+00:00\",\"breadcrumb\":{\"@id\":\"https:\/\/museionparis.com\/index.php\/en\/privacy-policy\/#breadcrumb\"},\"inLanguage\":\"fr-FR\",\"potentialAction\":[{\"@type\":\"ReadAction\",\"target\":[\"https:\/\/museionparis.com\/index.php\/en\/privacy-policy\/\"]}]},{\"@type\":\"BreadcrumbList\",\"@id\":\"https:\/\/museionparis.com\/index.php\/en\/privacy-policy\/#breadcrumb\",\"itemListElement\":[{\"@type\":\"ListItem\",\"position\":1,\"name\":\"Accueil\",\"item\":\"https:\/\/museionparis.com\/\"},{\"@type\":\"ListItem\",\"position\":2,\"name\":\"Privacy Policy\"}]},{\"@type\":\"WebSite\",\"@id\":\"https:\/\/museionparis.com\/#website\",\"url\":\"https:\/\/museionparis.com\/\",\"name\":\"museionparis.com\",\"description\":\"D\u00e9di\u00e9 aux artistes contemporains qui explorent le m\u00e9dium de la mosa\u00efque\",\"publisher\":{\"@id\":\"https:\/\/museionparis.com\/#organization\"},\"potentialAction\":[{\"@type\":\"SearchAction\",\"target\":{\"@type\":\"EntryPoint\",\"urlTemplate\":\"https:\/\/museionparis.com\/?s={search_term_string}\"},\"query-input\":{\"@type\":\"PropertyValueSpecification\",\"valueRequired\":true,\"valueName\":\"search_term_string\"}}],\"inLanguage\":\"fr-FR\"},{\"@type\":\"Organization\",\"@id\":\"https:\/\/museionparis.com\/#organization\",\"name\":\"museionparis.com\",\"url\":\"https:\/\/museionparis.com\/\",\"logo\":{\"@type\":\"ImageObject\",\"inLanguage\":\"fr-FR\",\"@id\":\"https:\/\/museionparis.com\/#\/schema\/logo\/image\/\",\"url\":\"https:\/\/museionparis.com\/wp-content\/uploads\/2024\/03\/logo-rvb-png-2.png\",\"contentUrl\":\"https:\/\/museionparis.com\/wp-content\/uploads\/2024\/03\/logo-rvb-png-2.png\",\"width\":1752,\"height\":993,\"caption\":\"museionparis.com\"},\"image\":{\"@id\":\"https:\/\/museionparis.com\/#\/schema\/logo\/image\/\"},\"sameAs\":[\"https:\/\/facebook.com\/mupamuseionparis\/\",\"https:\/\/www.instagram.com\/mupa_museionparis\"]}]}<\/script>\n<!-- \/ Yoast SEO plugin. -->","yoast_head_json":{"title":"Privacy Policy - museionparis.com","robots":{"index":"index","follow":"follow","max-snippet":"max-snippet:-1","max-image-preview":"max-image-preview:large","max-video-preview":"max-video-preview:-1"},"canonical":"https:\/\/museionparis.com\/index.php\/en\/privacy-policy\/","og_locale":"fr_FR","og_type":"article","og_title":"Privacy Policy - museionparis.com","og_url":"https:\/\/museionparis.com\/index.php\/en\/privacy-policy\/","og_site_name":"museionparis.com","article_publisher":"https:\/\/facebook.com\/mupamuseionparis\/","twitter_card":"summary_large_image","schema":{"@context":"https:\/\/schema.org","@graph":[{"@type":"WebPage","@id":"https:\/\/museionparis.com\/index.php\/en\/privacy-policy\/","url":"https:\/\/museionparis.com\/index.php\/en\/privacy-policy\/","name":"Privacy Policy - museionparis.com","isPartOf":{"@id":"https:\/\/museionparis.com\/#website"},"datePublished":"2024-10-16T16:22:17+00:00","breadcrumb":{"@id":"https:\/\/museionparis.com\/index.php\/en\/privacy-policy\/#breadcrumb"},"inLanguage":"fr-FR","potentialAction":[{"@type":"ReadAction","target":["https:\/\/museionparis.com\/index.php\/en\/privacy-policy\/"]}]},{"@type":"BreadcrumbList","@id":"https:\/\/museionparis.com\/index.php\/en\/privacy-policy\/#breadcrumb","itemListElement":[{"@type":"ListItem","position":1,"name":"Accueil","item":"https:\/\/museionparis.com\/"},{"@type":"ListItem","position":2,"name":"Privacy Policy"}]},{"@type":"WebSite","@id":"https:\/\/museionparis.com\/#website","url":"https:\/\/museionparis.com\/","name":"museionparis.com","description":"D\u00e9di\u00e9 aux artistes contemporains qui explorent le m\u00e9dium de la mosa\u00efque","publisher":{"@id":"https:\/\/museionparis.com\/#organization"},"potentialAction":[{"@type":"SearchAction","target":{"@type":"EntryPoint","urlTemplate":"https:\/\/museionparis.com\/?s={search_term_string}"},"query-input":{"@type":"PropertyValueSpecification","valueRequired":true,"valueName":"search_term_string"}}],"inLanguage":"fr-FR"},{"@type":"Organization","@id":"https:\/\/museionparis.com\/#organization","name":"museionparis.com","url":"https:\/\/museionparis.com\/","logo":{"@type":"ImageObject","inLanguage":"fr-FR","@id":"https:\/\/museionparis.com\/#\/schema\/logo\/image\/","url":"https:\/\/museionparis.com\/wp-content\/uploads\/2024\/03\/logo-rvb-png-2.png","contentUrl":"https:\/\/museionparis.com\/wp-content\/uploads\/2024\/03\/logo-rvb-png-2.png","width":1752,"height":993,"caption":"museionparis.com"},"image":{"@id":"https:\/\/museionparis.com\/#\/schema\/logo\/image\/"},"sameAs":["https:\/\/facebook.com\/mupamuseionparis\/","https:\/\/www.instagram.com\/mupa_museionparis"]}]}},"_links":{"self":[{"href":"https:\/\/museionparis.com\/index.php\/wp-json\/wp\/v2\/pages\/395","targetHints":{"allow":["GET"]}}],"collection":[{"href":"https:\/\/museionparis.com\/index.php\/wp-json\/wp\/v2\/pages"}],"about":[{"href":"https:\/\/museionparis.com\/index.php\/wp-json\/wp\/v2\/types\/page"}],"author":[{"embeddable":true,"href":"https:\/\/museionparis.com\/index.php\/wp-json\/wp\/v2\/users\/1"}],"replies":[{"embeddable":true,"href":"https:\/\/museionparis.com\/index.php\/wp-json\/wp\/v2\/comments?post=395"}],"version-history":[{"count":1,"href":"https:\/\/museionparis.com\/index.php\/wp-json\/wp\/v2\/pages\/395\/revisions"}],"predecessor-version":[{"id":396,"href":"https:\/\/museionparis.com\/index.php\/wp-json\/wp\/v2\/pages\/395\/revisions\/396"}],"wp:attachment":[{"href":"https:\/\/museionparis.com\/index.php\/wp-json\/wp\/v2\/media?parent=395"}],"curies":[{"name":"wp","href":"https:\/\/api.w.org\/{rel}","templated":true}]}}