{"id":324,"date":"2024-10-14T16:47:56","date_gmt":"2024-10-14T14:47:56","guid":{"rendered":"https:\/\/museionparis.com\/?page_id=324"},"modified":"2026-01-02T12:14:54","modified_gmt":"2026-01-02T11:14:54","slug":"about-mupa","status":"publish","type":"page","link":"https:\/\/museionparis.com\/index.php\/en\/about-mupa\/","title":{"rendered":"About M<span style=\"color:#e94316\">u<\/span>P<span style=\"color:#e94316\">a<\/span>"},"content":{"rendered":"\n<p class=\"has-black-color has-text-color has-link-color wp-elements-09a04bc167c3c0c678cd0d5114616bae\"><p class=\"has-black-color has-text-color has-link-color\" align=\"justify\">Contemporary mosaic creation is lively and supported in particular by young artists around the world. Long relegated to a practice of decoration or restoration of historical monuments, mosaic is today invested by artists who reinvent its language, its grammar and thus create truly original works. The creative proliferation observed today around this medium, which has long remained untouched by any research, places this art at a key moment in its history.<\/p><\/p>\n\n\n\n<p>M<span style=\"color:#e94316\">u<\/span>P<span style=\"color:#e94316\">a<\/span> aims to introduce a wide audience to the work of contemporary artists who use mosaic as their medium, and to affirm these artists\u2019 place within the art world. To this end, the association produces exhibitions, organizes artist residencies, and publishes exhibition catalogues and videos. MuPa also collaborates with institutions and other associations in France and abroad on specific projects.<\/p>\n","protected":false},"excerpt":{"rendered":"<p>Contemporary mosaic creation is lively and supported in particular by young artists around the world. Long relegated to a practice of decoration or restoration of historical monuments, mosaic is today invested by artists who reinvent its language, its grammar and thus create truly original works. The creative proliferation observed today around this medium, which has [&hellip;]<\/p>\n","protected":false},"author":1,"featured_media":0,"parent":0,"menu_order":0,"comment_status":"closed","ping_status":"closed","template":"","meta":{"footnotes":""},"class_list":["post-324","page","type-page","status-publish","czr-hentry"],"yoast_head":"<!-- This site is optimized with the Yoast SEO plugin v27.0 - https:\/\/yoast.com\/product\/yoast-seo-wordpress\/ -->\n<title>About MuPa - museionparis.com<\/title>\n<meta name=\"robots\" content=\"index, follow, max-snippet:-1, max-image-preview:large, max-video-preview:-1\" \/>\n<link rel=\"canonical\" href=\"https:\/\/museionparis.com\/index.php\/en\/about-mupa\/\" \/>\n<meta property=\"og:locale\" content=\"fr_FR\" \/>\n<meta property=\"og:type\" content=\"article\" \/>\n<meta property=\"og:title\" content=\"About MuPa - museionparis.com\" \/>\n<meta property=\"og:description\" content=\"Contemporary mosaic creation is lively and supported in particular by young artists around the world. Long relegated to a practice of decoration or restoration of historical monuments, mosaic is today invested by artists who reinvent its language, its grammar and thus create truly original works. The creative proliferation observed today around this medium, which has [&hellip;]\" \/>\n<meta property=\"og:url\" content=\"https:\/\/museionparis.com\/index.php\/en\/about-mupa\/\" \/>\n<meta property=\"og:site_name\" content=\"museionparis.com\" \/>\n<meta property=\"article:publisher\" content=\"https:\/\/facebook.com\/mupamuseionparis\/\" \/>\n<meta property=\"article:modified_time\" content=\"2026-01-02T11:14:54+00:00\" \/>\n<meta name=\"twitter:card\" content=\"summary_large_image\" \/>\n<meta name=\"twitter:label1\" content=\"Dur\u00e9e de lecture estim\u00e9e\" \/>\n\t<meta name=\"twitter:data1\" content=\"1 minute\" \/>\n<script type=\"application\/ld+json\" class=\"yoast-schema-graph\">{\"@context\":\"https:\/\/schema.org\",\"@graph\":[{\"@type\":\"WebPage\",\"@id\":\"https:\/\/museionparis.com\/index.php\/en\/about-mupa\/\",\"url\":\"https:\/\/museionparis.com\/index.php\/en\/about-mupa\/\",\"name\":\"About MuPa - museionparis.com\",\"isPartOf\":{\"@id\":\"https:\/\/museionparis.com\/#website\"},\"datePublished\":\"2024-10-14T14:47:56+00:00\",\"dateModified\":\"2026-01-02T11:14:54+00:00\",\"breadcrumb\":{\"@id\":\"https:\/\/museionparis.com\/index.php\/en\/about-mupa\/#breadcrumb\"},\"inLanguage\":\"fr-FR\",\"potentialAction\":[{\"@type\":\"ReadAction\",\"target\":[\"https:\/\/museionparis.com\/index.php\/en\/about-mupa\/\"]}]},{\"@type\":\"BreadcrumbList\",\"@id\":\"https:\/\/museionparis.com\/index.php\/en\/about-mupa\/#breadcrumb\",\"itemListElement\":[{\"@type\":\"ListItem\",\"position\":1,\"name\":\"Accueil\",\"item\":\"https:\/\/museionparis.com\/\"},{\"@type\":\"ListItem\",\"position\":2,\"name\":\"About MuPa\"}]},{\"@type\":\"WebSite\",\"@id\":\"https:\/\/museionparis.com\/#website\",\"url\":\"https:\/\/museionparis.com\/\",\"name\":\"museionparis.com\",\"description\":\"D\u00e9di\u00e9 aux artistes contemporains qui explorent le m\u00e9dium de la mosa\u00efque\",\"publisher\":{\"@id\":\"https:\/\/museionparis.com\/#organization\"},\"potentialAction\":[{\"@type\":\"SearchAction\",\"target\":{\"@type\":\"EntryPoint\",\"urlTemplate\":\"https:\/\/museionparis.com\/?s={search_term_string}\"},\"query-input\":{\"@type\":\"PropertyValueSpecification\",\"valueRequired\":true,\"valueName\":\"search_term_string\"}}],\"inLanguage\":\"fr-FR\"},{\"@type\":\"Organization\",\"@id\":\"https:\/\/museionparis.com\/#organization\",\"name\":\"museionparis.com\",\"url\":\"https:\/\/museionparis.com\/\",\"logo\":{\"@type\":\"ImageObject\",\"inLanguage\":\"fr-FR\",\"@id\":\"https:\/\/museionparis.com\/#\/schema\/logo\/image\/\",\"url\":\"https:\/\/museionparis.com\/wp-content\/uploads\/2024\/03\/logo-rvb-png-2.png\",\"contentUrl\":\"https:\/\/museionparis.com\/wp-content\/uploads\/2024\/03\/logo-rvb-png-2.png\",\"width\":1752,\"height\":993,\"caption\":\"museionparis.com\"},\"image\":{\"@id\":\"https:\/\/museionparis.com\/#\/schema\/logo\/image\/\"},\"sameAs\":[\"https:\/\/facebook.com\/mupamuseionparis\/\",\"https:\/\/www.instagram.com\/mupa_museionparis\"]}]}<\/script>\n<!-- \/ Yoast SEO plugin. -->","yoast_head_json":{"title":"About MuPa - museionparis.com","robots":{"index":"index","follow":"follow","max-snippet":"max-snippet:-1","max-image-preview":"max-image-preview:large","max-video-preview":"max-video-preview:-1"},"canonical":"https:\/\/museionparis.com\/index.php\/en\/about-mupa\/","og_locale":"fr_FR","og_type":"article","og_title":"About MuPa - museionparis.com","og_description":"Contemporary mosaic creation is lively and supported in particular by young artists around the world. Long relegated to a practice of decoration or restoration of historical monuments, mosaic is today invested by artists who reinvent its language, its grammar and thus create truly original works. The creative proliferation observed today around this medium, which has [&hellip;]","og_url":"https:\/\/museionparis.com\/index.php\/en\/about-mupa\/","og_site_name":"museionparis.com","article_publisher":"https:\/\/facebook.com\/mupamuseionparis\/","article_modified_time":"2026-01-02T11:14:54+00:00","twitter_card":"summary_large_image","twitter_misc":{"Dur\u00e9e de lecture estim\u00e9e":"1 minute"},"schema":{"@context":"https:\/\/schema.org","@graph":[{"@type":"WebPage","@id":"https:\/\/museionparis.com\/index.php\/en\/about-mupa\/","url":"https:\/\/museionparis.com\/index.php\/en\/about-mupa\/","name":"About MuPa - museionparis.com","isPartOf":{"@id":"https:\/\/museionparis.com\/#website"},"datePublished":"2024-10-14T14:47:56+00:00","dateModified":"2026-01-02T11:14:54+00:00","breadcrumb":{"@id":"https:\/\/museionparis.com\/index.php\/en\/about-mupa\/#breadcrumb"},"inLanguage":"fr-FR","potentialAction":[{"@type":"ReadAction","target":["https:\/\/museionparis.com\/index.php\/en\/about-mupa\/"]}]},{"@type":"BreadcrumbList","@id":"https:\/\/museionparis.com\/index.php\/en\/about-mupa\/#breadcrumb","itemListElement":[{"@type":"ListItem","position":1,"name":"Accueil","item":"https:\/\/museionparis.com\/"},{"@type":"ListItem","position":2,"name":"About MuPa"}]},{"@type":"WebSite","@id":"https:\/\/museionparis.com\/#website","url":"https:\/\/museionparis.com\/","name":"museionparis.com","description":"D\u00e9di\u00e9 aux artistes contemporains qui explorent le m\u00e9dium de la mosa\u00efque","publisher":{"@id":"https:\/\/museionparis.com\/#organization"},"potentialAction":[{"@type":"SearchAction","target":{"@type":"EntryPoint","urlTemplate":"https:\/\/museionparis.com\/?s={search_term_string}"},"query-input":{"@type":"PropertyValueSpecification","valueRequired":true,"valueName":"search_term_string"}}],"inLanguage":"fr-FR"},{"@type":"Organization","@id":"https:\/\/museionparis.com\/#organization","name":"museionparis.com","url":"https:\/\/museionparis.com\/","logo":{"@type":"ImageObject","inLanguage":"fr-FR","@id":"https:\/\/museionparis.com\/#\/schema\/logo\/image\/","url":"https:\/\/museionparis.com\/wp-content\/uploads\/2024\/03\/logo-rvb-png-2.png","contentUrl":"https:\/\/museionparis.com\/wp-content\/uploads\/2024\/03\/logo-rvb-png-2.png","width":1752,"height":993,"caption":"museionparis.com"},"image":{"@id":"https:\/\/museionparis.com\/#\/schema\/logo\/image\/"},"sameAs":["https:\/\/facebook.com\/mupamuseionparis\/","https:\/\/www.instagram.com\/mupa_museionparis"]}]}},"_links":{"self":[{"href":"https:\/\/museionparis.com\/index.php\/wp-json\/wp\/v2\/pages\/324","targetHints":{"allow":["GET"]}}],"collection":[{"href":"https:\/\/museionparis.com\/index.php\/wp-json\/wp\/v2\/pages"}],"about":[{"href":"https:\/\/museionparis.com\/index.php\/wp-json\/wp\/v2\/types\/page"}],"author":[{"embeddable":true,"href":"https:\/\/museionparis.com\/index.php\/wp-json\/wp\/v2\/users\/1"}],"replies":[{"embeddable":true,"href":"https:\/\/museionparis.com\/index.php\/wp-json\/wp\/v2\/comments?post=324"}],"version-history":[{"count":5,"href":"https:\/\/museionparis.com\/index.php\/wp-json\/wp\/v2\/pages\/324\/revisions"}],"predecessor-version":[{"id":694,"href":"https:\/\/museionparis.com\/index.php\/wp-json\/wp\/v2\/pages\/324\/revisions\/694"}],"wp:attachment":[{"href":"https:\/\/museionparis.com\/index.php\/wp-json\/wp\/v2\/media?parent=324"}],"curies":[{"name":"wp","href":"https:\/\/api.w.org\/{rel}","templated":true}]}}