{"id":314,"date":"2024-08-28T14:20:17","date_gmt":"2024-08-28T12:20:17","guid":{"rendered":"https:\/\/museionparis.com\/index.php\/accueil-english\/"},"modified":"2025-08-17T17:10:15","modified_gmt":"2025-08-17T15:10:15","slug":"accueil-english","status":"publish","type":"page","link":"https:\/\/museionparis.com\/index.php\/en\/accueil-english\/","title":{"rendered":"Welcome"},"content":{"rendered":"<p style=\"text-align: center;\">Pushing new forms through mosaic as a medium<\/p>\n\n\n<figure class=\"wp-block-image alignfull size-full\"><img loading=\"lazy\" decoding=\"async\" width=\"2000\" height=\"1333\" src=\"https:\/\/museionparis.com\/wp-content\/uploads\/2025\/08\/matylda_tracewska-pierre_sans_jofre-mnhn.jpg\" alt=\"Matylda Tracewska and Pierre Sans-Jofre during the artist\u2019s residency at the Mus\u00e9um national d'Histoire naturelle\" class=\"wp-image-452\" srcset=\"https:\/\/museionparis.com\/wp-content\/uploads\/2025\/08\/matylda_tracewska-pierre_sans_jofre-mnhn.jpg 2000w, https:\/\/museionparis.com\/wp-content\/uploads\/2025\/08\/matylda_tracewska-pierre_sans_jofre-mnhn-300x200.jpg 300w, https:\/\/museionparis.com\/wp-content\/uploads\/2025\/08\/matylda_tracewska-pierre_sans_jofre-mnhn-1024x682.jpg 1024w, https:\/\/museionparis.com\/wp-content\/uploads\/2025\/08\/matylda_tracewska-pierre_sans_jofre-mnhn-768x512.jpg 768w, https:\/\/museionparis.com\/wp-content\/uploads\/2025\/08\/matylda_tracewska-pierre_sans_jofre-mnhn-1536x1024.jpg 1536w\" sizes=\"auto, (max-width: 2000px) 100vw, 2000px\" \/><\/figure>\n","protected":false},"excerpt":{"rendered":"<p>Pushing new forms through mosaic as a medium<\/p>\n","protected":false},"author":1,"featured_media":0,"parent":0,"menu_order":0,"comment_status":"closed","ping_status":"closed","template":"","meta":{"footnotes":""},"class_list":["post-314","page","type-page","status-publish","czr-hentry"],"yoast_head":"<!-- This site is optimized with the Yoast SEO plugin v27.0 - https:\/\/yoast.com\/product\/yoast-seo-wordpress\/ -->\n<title>Welcome - museionparis.com<\/title>\n<meta name=\"robots\" content=\"index, follow, max-snippet:-1, max-image-preview:large, max-video-preview:-1\" \/>\n<link rel=\"canonical\" href=\"https:\/\/museionparis.com\/index.php\/en\/accueil-english\/\" \/>\n<meta property=\"og:locale\" content=\"fr_FR\" \/>\n<meta property=\"og:type\" content=\"article\" \/>\n<meta property=\"og:title\" content=\"Welcome - museionparis.com\" \/>\n<meta property=\"og:description\" content=\"Pushing new forms through mosaic as a medium\" \/>\n<meta property=\"og:url\" content=\"https:\/\/museionparis.com\/index.php\/en\/accueil-english\/\" \/>\n<meta property=\"og:site_name\" content=\"museionparis.com\" \/>\n<meta property=\"article:publisher\" content=\"https:\/\/facebook.com\/mupamuseionparis\/\" \/>\n<meta property=\"article:modified_time\" content=\"2025-08-17T15:10:15+00:00\" \/>\n<meta property=\"og:image\" content=\"https:\/\/museionparis.com\/wp-content\/uploads\/2025\/08\/matylda_tracewska-pierre_sans_jofre-mnhn.jpg\" \/>\n\t<meta property=\"og:image:width\" content=\"2000\" \/>\n\t<meta property=\"og:image:height\" content=\"1333\" \/>\n\t<meta property=\"og:image:type\" content=\"image\/jpeg\" \/>\n<meta name=\"twitter:card\" content=\"summary_large_image\" \/>\n<meta name=\"twitter:label1\" content=\"Dur\u00e9e de lecture estim\u00e9e\" \/>\n\t<meta name=\"twitter:data1\" content=\"1 minute\" \/>\n<script type=\"application\/ld+json\" class=\"yoast-schema-graph\">{\"@context\":\"https:\/\/schema.org\",\"@graph\":[{\"@type\":\"WebPage\",\"@id\":\"https:\/\/museionparis.com\/index.php\/en\/accueil-english\/\",\"url\":\"https:\/\/museionparis.com\/index.php\/en\/accueil-english\/\",\"name\":\"Welcome - museionparis.com\",\"isPartOf\":{\"@id\":\"https:\/\/museionparis.com\/#website\"},\"primaryImageOfPage\":{\"@id\":\"https:\/\/museionparis.com\/index.php\/en\/accueil-english\/#primaryimage\"},\"image\":{\"@id\":\"https:\/\/museionparis.com\/index.php\/en\/accueil-english\/#primaryimage\"},\"thumbnailUrl\":\"https:\/\/museionparis.com\/wp-content\/uploads\/2025\/08\/matylda_tracewska-pierre_sans_jofre-mnhn.jpg\",\"datePublished\":\"2024-08-28T12:20:17+00:00\",\"dateModified\":\"2025-08-17T15:10:15+00:00\",\"breadcrumb\":{\"@id\":\"https:\/\/museionparis.com\/index.php\/en\/accueil-english\/#breadcrumb\"},\"inLanguage\":\"fr-FR\",\"potentialAction\":[{\"@type\":\"ReadAction\",\"target\":[\"https:\/\/museionparis.com\/index.php\/en\/accueil-english\/\"]}]},{\"@type\":\"ImageObject\",\"inLanguage\":\"fr-FR\",\"@id\":\"https:\/\/museionparis.com\/index.php\/en\/accueil-english\/#primaryimage\",\"url\":\"https:\/\/museionparis.com\/wp-content\/uploads\/2025\/08\/matylda_tracewska-pierre_sans_jofre-mnhn.jpg\",\"contentUrl\":\"https:\/\/museionparis.com\/wp-content\/uploads\/2025\/08\/matylda_tracewska-pierre_sans_jofre-mnhn.jpg\",\"width\":2000,\"height\":1333,\"caption\":\"Matylda Tracewska and Pierre Sans-Jofre during the artist\u2019s residency at the Mus\u00e9um national d'Histoire naturelle\"},{\"@type\":\"BreadcrumbList\",\"@id\":\"https:\/\/museionparis.com\/index.php\/en\/accueil-english\/#breadcrumb\",\"itemListElement\":[{\"@type\":\"ListItem\",\"position\":1,\"name\":\"Accueil\",\"item\":\"https:\/\/museionparis.com\/\"},{\"@type\":\"ListItem\",\"position\":2,\"name\":\"Welcome\"}]},{\"@type\":\"WebSite\",\"@id\":\"https:\/\/museionparis.com\/#website\",\"url\":\"https:\/\/museionparis.com\/\",\"name\":\"museionparis.com\",\"description\":\"D\u00e9di\u00e9 aux artistes contemporains qui explorent le m\u00e9dium de la mosa\u00efque\",\"publisher\":{\"@id\":\"https:\/\/museionparis.com\/#organization\"},\"potentialAction\":[{\"@type\":\"SearchAction\",\"target\":{\"@type\":\"EntryPoint\",\"urlTemplate\":\"https:\/\/museionparis.com\/?s={search_term_string}\"},\"query-input\":{\"@type\":\"PropertyValueSpecification\",\"valueRequired\":true,\"valueName\":\"search_term_string\"}}],\"inLanguage\":\"fr-FR\"},{\"@type\":\"Organization\",\"@id\":\"https:\/\/museionparis.com\/#organization\",\"name\":\"museionparis.com\",\"url\":\"https:\/\/museionparis.com\/\",\"logo\":{\"@type\":\"ImageObject\",\"inLanguage\":\"fr-FR\",\"@id\":\"https:\/\/museionparis.com\/#\/schema\/logo\/image\/\",\"url\":\"https:\/\/museionparis.com\/wp-content\/uploads\/2024\/03\/logo-rvb-png-2.png\",\"contentUrl\":\"https:\/\/museionparis.com\/wp-content\/uploads\/2024\/03\/logo-rvb-png-2.png\",\"width\":1752,\"height\":993,\"caption\":\"museionparis.com\"},\"image\":{\"@id\":\"https:\/\/museionparis.com\/#\/schema\/logo\/image\/\"},\"sameAs\":[\"https:\/\/facebook.com\/mupamuseionparis\/\",\"https:\/\/www.instagram.com\/mupa_museionparis\"]}]}<\/script>\n<!-- \/ Yoast SEO plugin. -->","yoast_head_json":{"title":"Welcome - museionparis.com","robots":{"index":"index","follow":"follow","max-snippet":"max-snippet:-1","max-image-preview":"max-image-preview:large","max-video-preview":"max-video-preview:-1"},"canonical":"https:\/\/museionparis.com\/index.php\/en\/accueil-english\/","og_locale":"fr_FR","og_type":"article","og_title":"Welcome - museionparis.com","og_description":"Pushing new forms through mosaic as a medium","og_url":"https:\/\/museionparis.com\/index.php\/en\/accueil-english\/","og_site_name":"museionparis.com","article_publisher":"https:\/\/facebook.com\/mupamuseionparis\/","article_modified_time":"2025-08-17T15:10:15+00:00","og_image":[{"width":2000,"height":1333,"url":"https:\/\/museionparis.com\/wp-content\/uploads\/2025\/08\/matylda_tracewska-pierre_sans_jofre-mnhn.jpg","type":"image\/jpeg"}],"twitter_card":"summary_large_image","twitter_misc":{"Dur\u00e9e de lecture estim\u00e9e":"1 minute"},"schema":{"@context":"https:\/\/schema.org","@graph":[{"@type":"WebPage","@id":"https:\/\/museionparis.com\/index.php\/en\/accueil-english\/","url":"https:\/\/museionparis.com\/index.php\/en\/accueil-english\/","name":"Welcome - museionparis.com","isPartOf":{"@id":"https:\/\/museionparis.com\/#website"},"primaryImageOfPage":{"@id":"https:\/\/museionparis.com\/index.php\/en\/accueil-english\/#primaryimage"},"image":{"@id":"https:\/\/museionparis.com\/index.php\/en\/accueil-english\/#primaryimage"},"thumbnailUrl":"https:\/\/museionparis.com\/wp-content\/uploads\/2025\/08\/matylda_tracewska-pierre_sans_jofre-mnhn.jpg","datePublished":"2024-08-28T12:20:17+00:00","dateModified":"2025-08-17T15:10:15+00:00","breadcrumb":{"@id":"https:\/\/museionparis.com\/index.php\/en\/accueil-english\/#breadcrumb"},"inLanguage":"fr-FR","potentialAction":[{"@type":"ReadAction","target":["https:\/\/museionparis.com\/index.php\/en\/accueil-english\/"]}]},{"@type":"ImageObject","inLanguage":"fr-FR","@id":"https:\/\/museionparis.com\/index.php\/en\/accueil-english\/#primaryimage","url":"https:\/\/museionparis.com\/wp-content\/uploads\/2025\/08\/matylda_tracewska-pierre_sans_jofre-mnhn.jpg","contentUrl":"https:\/\/museionparis.com\/wp-content\/uploads\/2025\/08\/matylda_tracewska-pierre_sans_jofre-mnhn.jpg","width":2000,"height":1333,"caption":"Matylda Tracewska and Pierre Sans-Jofre during the artist\u2019s residency at the Mus\u00e9um national d'Histoire naturelle"},{"@type":"BreadcrumbList","@id":"https:\/\/museionparis.com\/index.php\/en\/accueil-english\/#breadcrumb","itemListElement":[{"@type":"ListItem","position":1,"name":"Accueil","item":"https:\/\/museionparis.com\/"},{"@type":"ListItem","position":2,"name":"Welcome"}]},{"@type":"WebSite","@id":"https:\/\/museionparis.com\/#website","url":"https:\/\/museionparis.com\/","name":"museionparis.com","description":"D\u00e9di\u00e9 aux artistes contemporains qui explorent le m\u00e9dium de la mosa\u00efque","publisher":{"@id":"https:\/\/museionparis.com\/#organization"},"potentialAction":[{"@type":"SearchAction","target":{"@type":"EntryPoint","urlTemplate":"https:\/\/museionparis.com\/?s={search_term_string}"},"query-input":{"@type":"PropertyValueSpecification","valueRequired":true,"valueName":"search_term_string"}}],"inLanguage":"fr-FR"},{"@type":"Organization","@id":"https:\/\/museionparis.com\/#organization","name":"museionparis.com","url":"https:\/\/museionparis.com\/","logo":{"@type":"ImageObject","inLanguage":"fr-FR","@id":"https:\/\/museionparis.com\/#\/schema\/logo\/image\/","url":"https:\/\/museionparis.com\/wp-content\/uploads\/2024\/03\/logo-rvb-png-2.png","contentUrl":"https:\/\/museionparis.com\/wp-content\/uploads\/2024\/03\/logo-rvb-png-2.png","width":1752,"height":993,"caption":"museionparis.com"},"image":{"@id":"https:\/\/museionparis.com\/#\/schema\/logo\/image\/"},"sameAs":["https:\/\/facebook.com\/mupamuseionparis\/","https:\/\/www.instagram.com\/mupa_museionparis"]}]}},"_links":{"self":[{"href":"https:\/\/museionparis.com\/index.php\/wp-json\/wp\/v2\/pages\/314","targetHints":{"allow":["GET"]}}],"collection":[{"href":"https:\/\/museionparis.com\/index.php\/wp-json\/wp\/v2\/pages"}],"about":[{"href":"https:\/\/museionparis.com\/index.php\/wp-json\/wp\/v2\/types\/page"}],"author":[{"embeddable":true,"href":"https:\/\/museionparis.com\/index.php\/wp-json\/wp\/v2\/users\/1"}],"replies":[{"embeddable":true,"href":"https:\/\/museionparis.com\/index.php\/wp-json\/wp\/v2\/comments?post=314"}],"version-history":[{"count":6,"href":"https:\/\/museionparis.com\/index.php\/wp-json\/wp\/v2\/pages\/314\/revisions"}],"predecessor-version":[{"id":576,"href":"https:\/\/museionparis.com\/index.php\/wp-json\/wp\/v2\/pages\/314\/revisions\/576"}],"wp:attachment":[{"href":"https:\/\/museionparis.com\/index.php\/wp-json\/wp\/v2\/media?parent=314"}],"curies":[{"name":"wp","href":"https:\/\/api.w.org\/{rel}","templated":true}]}}